{"id":24215,"date":"2024-05-15T19:00:05","date_gmt":"2024-05-15T17:00:05","guid":{"rendered":"https:\/\/crashdatareset.pl\/?page_id=24215"},"modified":"2024-05-15T19:44:23","modified_gmt":"2024-05-15T17:44:23","slug":"car","status":"publish","type":"page","link":"https:\/\/crashdatareset.pl\/en\/car\/","title":{"rendered":"Airbag Crash Data Reset"},"content":{"rendered":"<div data-elementor-type=\"wp-page\" data-elementor-id=\"24215\" class=\"elementor elementor-24215\">\n\t\t\t\t\t\t<section class=\"elementor-section elementor-top-section elementor-element elementor-element-54704f8 elementor-section-boxed elementor-section-height-default elementor-section-height-default\" data-id=\"54704f8\" data-element_type=\"section\" data-e-type=\"section\">\n\t\t\t\t\t\t<div class=\"elementor-container elementor-column-gap-default\">\n\t\t\t\t\t<div class=\"elementor-column elementor-col-33 elementor-top-column elementor-element elementor-element-e13fed3 elementor-hidden-tablet elementor-hidden-mobile\" data-id=\"e13fed3\" data-element_type=\"column\" data-e-type=\"column\">\n\t\t\t<div class=\"elementor-widget-wrap elementor-element-populated\">\n\t\t\t\t\t\t<div class=\"elementor-element elementor-element-aabe52a elementor-hidden-tablet elementor-hidden-mobile elementor-widget elementor-widget-shortcode\" data-id=\"aabe52a\" data-element_type=\"widget\" data-e-type=\"widget\" data-widget_type=\"shortcode.default\">\n\t\t\t\t<div class=\"elementor-widget-container\">\n\t\t\t\t\t <ul id=\"samochody\"> <li><a href=\"\/en\/car\/?brand=13\">ACURA \/ HONDA<\/a><\/li><li><a href=\"\/en\/car\/?brand=2\">ALFA ROMEO \/ FIAT \/ LANCIA<\/a><\/li><li><a href=\"\/en\/car\/?brand=3\">ASTON MARTIN<\/a><\/li><li><a href=\"\/en\/car\/?brand=49\">BAIC<\/a><\/li><li><a href=\"\/en\/car\/?brand=4\">BMW<\/a><\/li><li><a href=\"\/en\/car\/?brand=58\">BRILIANCE<\/a><\/li><li><a href=\"\/en\/car\/?brand=52\">BYD<\/a><\/li><li><a href=\"\/en\/car\/?brand=39\">CADILLAC<\/a><\/li><li><a href=\"\/en\/car\/?brand=53\">CHANGAN<\/a><\/li><li><a href=\"\/en\/car\/?brand=43\">CHERY<\/a><\/li><li><a href=\"\/en\/car\/?brand=5\">CHEVROLET<\/a><\/li><li><a href=\"\/en\/car\/?brand=46\">CHINA<\/a><\/li><li><a href=\"\/en\/car\/?brand=6\">CHRYSLER \/ DODGE \/ JEEP<\/a><\/li><li><a href=\"\/en\/car\/?brand=9\">DAEWOO<\/a><\/li><li><a href=\"\/en\/car\/?brand=10\">DAIHATSU<\/a><\/li><li><a href=\"\/en\/car\/?brand=11\">FERRARI<\/a><\/li><li><a href=\"\/en\/car\/?brand=12\">FORD<\/a><\/li><li><a href=\"\/en\/car\/?brand=47\">GEELY<\/a><\/li><li><a href=\"\/en\/car\/?brand=57\">GMW<\/a><\/li><li><a href=\"\/en\/car\/?brand=41\">GREAT WALL<\/a><\/li><li><a href=\"\/en\/car\/?brand=44\">HAVAL<\/a><\/li><li><a href=\"\/en\/car\/?brand=14\">HYUNDAI \/ KIA<\/a><\/li><li><a href=\"\/en\/car\/?brand=16\">ISUZU<\/a><\/li><li><a href=\"\/en\/car\/?brand=17\">IVECO<\/a><\/li><li><a href=\"\/en\/car\/?brand=50\">JAC<\/a><\/li><li><a href=\"\/en\/car\/?brand=18\">JAGUAR<\/a><\/li><li><a href=\"\/en\/car\/?brand=19\">LAMBORGHINI<\/a><\/li><li><a href=\"\/en\/car\/?brand=20\">LAND ROVER<\/a><\/li><li><a href=\"\/en\/car\/?brand=48\">LYNK & CO<\/a><\/li><li><a href=\"\/en\/car\/?brand=42\">MAHINDRA<\/a><\/li><li><a href=\"\/en\/car\/?brand=21\">MASERATI<\/a><\/li><li><a href=\"\/en\/car\/?brand=22\">MAZDA<\/a><\/li><li><a href=\"\/en\/car\/?brand=23\">MCLAREN<\/a><\/li><li><a href=\"\/en\/car\/?brand=24\">MERCEDES<\/a><\/li><li><a href=\"\/en\/car\/?brand=40\">MG<\/a><\/li><li><a href=\"\/en\/car\/?brand=25\">MITSUBISHI<\/a><\/li><li><a href=\"\/en\/car\/?brand=26\">NISSAN \/ INFINITI<\/a><\/li><li><a href=\"\/en\/car\/?brand=27\">OPEL<\/a><\/li><li><a href=\"\/en\/car\/?brand=28\">PORSCHE<\/a><\/li><li><a href=\"\/en\/car\/?brand=7\">PSA<\/a><\/li><li><a href=\"\/en\/car\/?brand=29\">RENAULT \/ DACIA<\/a><\/li><li><a href=\"\/en\/car\/?brand=30\">ROVER<\/a><\/li><li><a href=\"\/en\/car\/?brand=31\">SAAB<\/a><\/li><li><a href=\"\/en\/car\/?brand=56\">SAIC \/ MAXUS<\/a><\/li><li><a href=\"\/en\/car\/?brand=32\">SSANG YOUNG<\/a><\/li><li><a href=\"\/en\/car\/?brand=33\">SUBARU<\/a><\/li><li><a href=\"\/en\/car\/?brand=34\">SUZUKI<\/a><\/li><li><a href=\"\/en\/car\/?brand=45\">TATA<\/a><\/li><li><a href=\"\/en\/car\/?brand=35\">TESLA<\/a><\/li><li><a href=\"\/en\/car\/?brand=36\">TOYOTA \/ LEXUS<\/a><\/li><li><a href=\"\/en\/car\/?brand=37\">VAG<\/a><\/li><li><a href=\"\/en\/car\/?brand=51\">VINFAST<\/a><\/li><li><a href=\"\/en\/car\/?brand=38\">VOLVO<\/a><\/li><li><a href=\"\/en\/car\/?brand=54\">XIAOMI<\/a><\/li><li><a href=\"\/en\/car\/?brand=59\">XPENG<\/a><\/li> <\/ul> \t\t<div class=\"elementor-shortcode\"><\/div>\n\t\t\t\t\t\t<\/div>\n\t\t\t\t<\/div>\n\t\t\t\t\t<\/div>\n\t\t<\/div>\n\t\t\t\t<div class=\"elementor-column elementor-col-66 elementor-top-column elementor-element elementor-element-281e3b3\" data-id=\"281e3b3\" data-element_type=\"column\" data-e-type=\"column\">\n\t\t\t<div class=\"elementor-widget-wrap elementor-element-populated\">\n\t\t\t\t\t\t<div class=\"elementor-element elementor-element-155d34c elementor-widget elementor-widget-text-editor\" data-id=\"155d34c\" data-element_type=\"widget\" data-e-type=\"widget\" data-widget_type=\"text-editor.default\">\n\t\t\t\t<div class=\"elementor-widget-container\">\n\t\t\t\t\t\t\t\t\t<h1>Airbag Crash Data Reset Online File Service<\/h1>\t\t\t\t\t\t\t\t<\/div>\n\t\t\t\t<\/div>\n\t\t\t\t<div class=\"elementor-element elementor-element-87be833 elementor-widget elementor-widget-text-editor\" data-id=\"87be833\" data-element_type=\"widget\" data-e-type=\"widget\" data-widget_type=\"text-editor.default\">\n\t\t\t\t<div class=\"elementor-widget-container\">\n\t\t\t\t\t\t\t\t\t<h3><strong><a href=\"https:\/\/crashdatareset.pl\/en\/file-database\/\">Airbag Dump Files Database (click)<\/a><\/strong><\/h3><p><a href=\"https:\/\/crashdatareset.pl\/en\/pomoc-techniczna\/\">If your driver number isn't on the list below, please contact us.<\/a><\/p>\t\t\t\t\t\t\t\t<\/div>\n\t\t\t\t<\/div>\n\t\t\t\t<div class=\"elementor-element elementor-element-c804a20 elementor-widget elementor-widget-shortcode\" data-id=\"c804a20\" data-element_type=\"widget\" data-e-type=\"widget\" data-widget_type=\"shortcode.default\">\n\t\t\t\t<div class=\"elementor-widget-container\">\n\t\t\t\t\t<div class=\"text-center mt-3 mb-2\">Wybierz producenta samochodu z listy po lewej stronie, aby wy\u015bwietli\u0107 dost\u0119pne sterowniki<\/div>\n\t<script src=\"https:\/\/cdn.jsdelivr.net\/npm\/bootstrap@5\/dist\/js\/bootstrap.min.js\"><\/script>\n\t<script src=\"https:\/\/cdn.jsdelivr.net\/npm\/jquery@3\/dist\/jquery.min.js\"><\/script>\n\t<link href=\"https:\/\/cdn.jsdelivr.net\/npm\/bootstrap@5\/dist\/css\/bootstrap.min.css\" rel=\"stylesheet\">     \n\n        <style>\t\t\t\n\t\t\t\n                .clickable-row:hover {\n                cursor: pointer;\n                background-color: #ccc !important;\n                }\n        <\/style>\n\n\n\t\t<div class=\"container\">\n            \n            <input type=\"text\" class=\"form-control\" id=\"live_search\" autocomplete=\"off\" placeholder=\"Enter the part number here...\">\n            <div id=\"live_search_result\" class=\"text-center mt-3 mb-2\"><\/div>\n            \n        <\/div>\n        \n        \n        <script type=\"text\/javascript\">\n        \n\t\tvar queryString = window.location.search;\n        var urlParams = new URLSearchParams(queryString);\n\t\t\t\n\t\tvar brand = urlParams.get('brand');\n        var input = $(\"#live_search\").val();\n        \n            $.ajax({\n                url:\"\/live_search\/car\/en\/search.php\",\n                method:\"POST\",\n                data:{input:input, brand:brand},\n                success:function(data) {\n                $(\"#live_search_result\").html(data);\n                }\n            });\n\t\t\t\n\t\t\t\n\t\t\t $(document).on('input', '#live_search', function(e){\n                if (e.originalEvent.inputType == 'insertFromPaste') {\n                    var input_paste = $(this).val();\n                    \n                    $.ajax({\n                        url:\"\/live_search\/car\/en\/search.php\",\n                        method:\"POST\",\n                        data:{input:input_paste, brand:brand},\n                        success:function(data){\n                            $(\"#live_search_result\").html(data);\n                        }\n                    });\n                    \n                }\n            });\n        \n        \n            $(document).ready(function(){\n                $(\"#live_search\").keyup(function(){\n                    var input = $(this).val();\n                    if (input.length > 2) {\n\n                        $.ajax({\n                            url:\"\/live_search\/car\/en\/search.php\",\n                            method:\"POST\",\n                            data:{input:input, brand:brand},\n                            success:function(data){\n                                $(\"#live_search_result\").html(data);\n                            }\n                        });\n                        \n                    }\n                    \n                    else {\n\n                        $.ajax({\n                            url:\"\/live_search\/car\/en\/search.php\",\n                            method:\"POST\",\n                            data:{input:input, brand:brand},\n                            success:function(data){\n                                $(\"#live_search_result\").html(data);\n                            }\n                        });\n\n                    }\n                });\n            });\n        <\/script>\n\n\n\t\t<div class=\"elementor-shortcode\">\n<\/div>\n\t\t\t\t\t\t<\/div>\n\t\t\t\t<\/div>\n\t\t\t\t\t<\/div>\n\t\t<\/div>\n\t\t\t\t\t<\/div>\n\t\t<\/section>\n\t\t\t\t<\/div>","protected":false},"excerpt":{"rendered":"<p>Airbag Crash Data Reset Online File Service Airbag Dump Files Database (kliknij) Je\u015bli nie ma twojego numeru sterownika na li\u015bcie, skontaktuj si\u0119 z nami.<\/p>","protected":false},"author":1,"featured_media":0,"parent":0,"menu_order":0,"comment_status":"closed","ping_status":"closed","template":"","meta":{"neve_meta_sidebar":"","neve_meta_container":"","neve_meta_enable_content_width":"","neve_meta_content_width":0,"neve_meta_title_alignment":"","neve_meta_author_avatar":"","neve_post_elements_order":"","neve_meta_disable_header":"","neve_meta_disable_footer":"","neve_meta_disable_title":"","neve_meta_reading_time":"","footnotes":""},"class_list":["post-24215","page","type-page","status-publish","hentry"],"yoast_head":"<!-- This site is optimized with the Yoast SEO plugin v27.3 - https:\/\/yoast.com\/product\/yoast-seo-wordpress\/ -->\n<title>Airbag Crash Data Reset - Crashdatareset<\/title>\n<meta name=\"robots\" content=\"index, follow, max-snippet:-1, max-image-preview:large, max-video-preview:-1\" \/>\n<link rel=\"canonical\" href=\"https:\/\/crashdatareset.pl\/en\/wp-json\/wp\/v2\/pages\/24215\" \/>\n<meta property=\"og:locale\" content=\"en_US\" \/>\n<meta property=\"og:type\" content=\"article\" \/>\n<meta property=\"og:title\" content=\"Airbag Crash Data Reset - Crashdatareset\" \/>\n<meta property=\"og:description\" content=\"Airbag Crash Data Reset Online File Service Airbag Dump Files Database (kliknij) Je\u015bli nie ma twojego numeru sterownika na li\u015bcie, skontaktuj si\u0119 z nami.\" \/>\n<meta property=\"og:url\" content=\"https:\/\/crashdatareset.pl\/en\/car\/\" \/>\n<meta property=\"og:site_name\" content=\"Crashdatareset\" \/>\n<meta property=\"article:modified_time\" content=\"2024-05-15T17:44:23+00:00\" \/>\n<meta name=\"twitter:card\" content=\"summary_large_image\" \/>\n<script type=\"application\/ld+json\" class=\"yoast-schema-graph\">{\"@context\":\"https:\\\/\\\/schema.org\",\"@graph\":[{\"@type\":\"WebPage\",\"@id\":\"https:\\\/\\\/crashdatareset.pl\\\/car\\\/\",\"url\":\"https:\\\/\\\/crashdatareset.pl\\\/car\\\/\",\"name\":\"Airbag Crash Data Reset - Crashdatareset\",\"isPartOf\":{\"@id\":\"https:\\\/\\\/crashdatareset.pl\\\/en\\\/#website\"},\"datePublished\":\"2024-05-15T17:00:05+00:00\",\"dateModified\":\"2024-05-15T17:44:23+00:00\",\"breadcrumb\":{\"@id\":\"https:\\\/\\\/crashdatareset.pl\\\/car\\\/#breadcrumb\"},\"inLanguage\":\"en-US\",\"potentialAction\":[{\"@type\":\"ReadAction\",\"target\":[\"https:\\\/\\\/crashdatareset.pl\\\/car\\\/\"]}]},{\"@type\":\"BreadcrumbList\",\"@id\":\"https:\\\/\\\/crashdatareset.pl\\\/car\\\/#breadcrumb\",\"itemListElement\":[{\"@type\":\"ListItem\",\"position\":1,\"name\":\"Strona g\u0142\u00f3wna\",\"item\":\"https:\\\/\\\/crashdatareset.pl\\\/\"},{\"@type\":\"ListItem\",\"position\":2,\"name\":\"Airbag Crash Data Reset\"}]},{\"@type\":\"WebSite\",\"@id\":\"https:\\\/\\\/crashdatareset.pl\\\/en\\\/#website\",\"url\":\"https:\\\/\\\/crashdatareset.pl\\\/en\\\/\",\"name\":\"Crashdatareset\",\"description\":\"\",\"publisher\":{\"@id\":\"https:\\\/\\\/crashdatareset.pl\\\/en\\\/#organization\"},\"potentialAction\":[{\"@type\":\"SearchAction\",\"target\":{\"@type\":\"EntryPoint\",\"urlTemplate\":\"https:\\\/\\\/crashdatareset.pl\\\/en\\\/?s={search_term_string}\"},\"query-input\":{\"@type\":\"PropertyValueSpecification\",\"valueRequired\":true,\"valueName\":\"search_term_string\"}}],\"inLanguage\":\"en-US\"},{\"@type\":\"Organization\",\"@id\":\"https:\\\/\\\/crashdatareset.pl\\\/en\\\/#organization\",\"name\":\"crashdatareset\",\"alternateName\":\"crashdatareset\",\"url\":\"https:\\\/\\\/crashdatareset.pl\\\/en\\\/\",\"logo\":{\"@type\":\"ImageObject\",\"inLanguage\":\"en-US\",\"@id\":\"https:\\\/\\\/crashdatareset.pl\\\/en\\\/#\\\/schema\\\/logo\\\/image\\\/\",\"url\":\"https:\\\/\\\/crashdatareset.pl\\\/wp-content\\\/uploads\\\/2020\\\/06\\\/cropped-logo-cdr-1.2.png\",\"contentUrl\":\"https:\\\/\\\/crashdatareset.pl\\\/wp-content\\\/uploads\\\/2020\\\/06\\\/cropped-logo-cdr-1.2.png\",\"width\":260,\"height\":52,\"caption\":\"crashdatareset\"},\"image\":{\"@id\":\"https:\\\/\\\/crashdatareset.pl\\\/en\\\/#\\\/schema\\\/logo\\\/image\\\/\"}}]}<\/script>\n<!-- \/ Yoast SEO plugin. -->","yoast_head_json":{"title":"Airbag Crash Data Reset - Crashdatareset","robots":{"index":"index","follow":"follow","max-snippet":"max-snippet:-1","max-image-preview":"max-image-preview:large","max-video-preview":"max-video-preview:-1"},"canonical":"https:\/\/crashdatareset.pl\/en\/wp-json\/wp\/v2\/pages\/24215","og_locale":"en_US","og_type":"article","og_title":"Airbag Crash Data Reset - Crashdatareset","og_description":"Airbag Crash Data Reset Online File Service Airbag Dump Files Database (kliknij) Je\u015bli nie ma twojego numeru sterownika na li\u015bcie, skontaktuj si\u0119 z nami.","og_url":"https:\/\/crashdatareset.pl\/en\/car\/","og_site_name":"Crashdatareset","article_modified_time":"2024-05-15T17:44:23+00:00","twitter_card":"summary_large_image","schema":{"@context":"https:\/\/schema.org","@graph":[{"@type":"WebPage","@id":"https:\/\/crashdatareset.pl\/car\/","url":"https:\/\/crashdatareset.pl\/car\/","name":"Airbag Crash Data Reset - Crashdatareset","isPartOf":{"@id":"https:\/\/crashdatareset.pl\/en\/#website"},"datePublished":"2024-05-15T17:00:05+00:00","dateModified":"2024-05-15T17:44:23+00:00","breadcrumb":{"@id":"https:\/\/crashdatareset.pl\/car\/#breadcrumb"},"inLanguage":"en-US","potentialAction":[{"@type":"ReadAction","target":["https:\/\/crashdatareset.pl\/car\/"]}]},{"@type":"BreadcrumbList","@id":"https:\/\/crashdatareset.pl\/car\/#breadcrumb","itemListElement":[{"@type":"ListItem","position":1,"name":"Strona g\u0142\u00f3wna","item":"https:\/\/crashdatareset.pl\/"},{"@type":"ListItem","position":2,"name":"Airbag Crash Data Reset"}]},{"@type":"WebSite","@id":"https:\/\/crashdatareset.pl\/en\/#website","url":"https:\/\/crashdatareset.pl\/en\/","name":"Crashdatareset","description":"","publisher":{"@id":"https:\/\/crashdatareset.pl\/en\/#organization"},"potentialAction":[{"@type":"SearchAction","target":{"@type":"EntryPoint","urlTemplate":"https:\/\/crashdatareset.pl\/en\/?s={search_term_string}"},"query-input":{"@type":"PropertyValueSpecification","valueRequired":true,"valueName":"search_term_string"}}],"inLanguage":"en-US"},{"@type":"Organization","@id":"https:\/\/crashdatareset.pl\/en\/#organization","name":"crashdatareset","alternateName":"crashdatareset","url":"https:\/\/crashdatareset.pl\/en\/","logo":{"@type":"ImageObject","inLanguage":"en-US","@id":"https:\/\/crashdatareset.pl\/en\/#\/schema\/logo\/image\/","url":"https:\/\/crashdatareset.pl\/wp-content\/uploads\/2020\/06\/cropped-logo-cdr-1.2.png","contentUrl":"https:\/\/crashdatareset.pl\/wp-content\/uploads\/2020\/06\/cropped-logo-cdr-1.2.png","width":260,"height":52,"caption":"crashdatareset"},"image":{"@id":"https:\/\/crashdatareset.pl\/en\/#\/schema\/logo\/image\/"}}]}},"_links":{"self":[{"href":"https:\/\/crashdatareset.pl\/en\/wp-json\/wp\/v2\/pages\/24215","targetHints":{"allow":["GET"]}}],"collection":[{"href":"https:\/\/crashdatareset.pl\/en\/wp-json\/wp\/v2\/pages"}],"about":[{"href":"https:\/\/crashdatareset.pl\/en\/wp-json\/wp\/v2\/types\/page"}],"author":[{"embeddable":true,"href":"https:\/\/crashdatareset.pl\/en\/wp-json\/wp\/v2\/users\/1"}],"replies":[{"embeddable":true,"href":"https:\/\/crashdatareset.pl\/en\/wp-json\/wp\/v2\/comments?post=24215"}],"version-history":[{"count":7,"href":"https:\/\/crashdatareset.pl\/en\/wp-json\/wp\/v2\/pages\/24215\/revisions"}],"predecessor-version":[{"id":24225,"href":"https:\/\/crashdatareset.pl\/en\/wp-json\/wp\/v2\/pages\/24215\/revisions\/24225"}],"wp:attachment":[{"href":"https:\/\/crashdatareset.pl\/en\/wp-json\/wp\/v2\/media?parent=24215"}],"curies":[{"name":"wp","href":"https:\/\/api.w.org\/{rel}","templated":true}]}}