{"id":66,"date":"2020-06-12T17:36:55","date_gmt":"2020-06-12T15:36:55","guid":{"rendered":"https:\/\/crashdatareset.pl\/?page_id=66"},"modified":"2024-03-18T08:47:51","modified_gmt":"2024-03-18T07:47:51","slug":"pomoc-techniczna","status":"publish","type":"page","link":"https:\/\/crashdatareset.pl\/en\/pomoc-techniczna\/","title":{"rendered":"Support"},"content":{"rendered":"<div data-elementor-type=\"wp-page\" data-elementor-id=\"66\" class=\"elementor elementor-66\">\n\t\t\t\t\t\t<section class=\"elementor-section elementor-top-section elementor-element elementor-element-34efa197 elementor-section-stretched elementor-section-boxed elementor-section-height-default elementor-section-height-default\" data-id=\"34efa197\" data-element_type=\"section\" data-e-type=\"section\" data-settings=\"{&quot;stretch_section&quot;:&quot;section-stretched&quot;,&quot;background_background&quot;:&quot;classic&quot;}\">\n\t\t\t\t\t\t<div class=\"elementor-container elementor-column-gap-default\">\n\t\t\t\t\t<div class=\"elementor-column elementor-col-100 elementor-top-column elementor-element elementor-element-11bd38d6\" data-id=\"11bd38d6\" data-element_type=\"column\" data-e-type=\"column\">\n\t\t\t<div class=\"elementor-widget-wrap elementor-element-populated\">\n\t\t\t\t\t\t<div class=\"elementor-element elementor-element-37a691b elementor-widget elementor-widget-heading\" data-id=\"37a691b\" data-element_type=\"widget\" data-e-type=\"widget\" data-widget_type=\"heading.default\">\n\t\t\t\t<div class=\"elementor-widget-container\">\n\t\t\t\t\t<h2 class=\"elementor-heading-title elementor-size-default\">Contact form<\/h2>\t\t\t\t<\/div>\n\t\t\t\t<\/div>\n\t\t\t\t<div class=\"elementor-element elementor-element-c74da31 elementor-widget elementor-widget-text-editor\" data-id=\"c74da31\" data-element_type=\"widget\" data-e-type=\"widget\" data-widget_type=\"text-editor.default\">\n\t\t\t\t<div class=\"elementor-widget-container\">\n\t\t\t\t\t\t\t\t\t<p><strong>Monday - friday:<\/strong> 9.00 &#8211; 18.00 (GMT+1)<br \/><strong>Saturday:<\/strong> 9.00 &#8211; 15.00 (GMT+1)<\/p>\t\t\t\t\t\t\t\t<\/div>\n\t\t\t\t<\/div>\n\t\t\t\t<div class=\"elementor-element elementor-element-1654ef14 elementor-widget-divider--view-line elementor-widget elementor-widget-divider\" data-id=\"1654ef14\" data-element_type=\"widget\" data-e-type=\"widget\" data-widget_type=\"divider.default\">\n\t\t\t\t<div class=\"elementor-widget-container\">\n\t\t\t\t\t\t\t<div class=\"elementor-divider\">\n\t\t\t<span class=\"elementor-divider-separator\">\n\t\t\t\t\t\t<\/span>\n\t\t<\/div>\n\t\t\t\t\t\t<\/div>\n\t\t\t\t<\/div>\n\t\t\t\t<section class=\"elementor-section elementor-inner-section elementor-element elementor-element-02e8377 elementor-section-boxed elementor-section-height-default elementor-section-height-default\" data-id=\"02e8377\" data-element_type=\"section\" data-e-type=\"section\">\n\t\t\t\t\t\t<div class=\"elementor-container elementor-column-gap-default\">\n\t\t\t\t\t<div class=\"elementor-column elementor-col-100 elementor-inner-column elementor-element elementor-element-aec418d\" data-id=\"aec418d\" data-element_type=\"column\" data-e-type=\"column\">\n\t\t\t<div class=\"elementor-widget-wrap elementor-element-populated\">\n\t\t\t\t\t\t<div class=\"elementor-element elementor-element-53289f1 elementor-widget__width-initial elementor-widget elementor-widget-shortcode\" data-id=\"53289f1\" data-element_type=\"widget\" data-e-type=\"widget\" data-widget_type=\"shortcode.default\">\n\t\t\t\t<div class=\"elementor-widget-container\">\n\t\t\t\t\t\t\t<div class=\"elementor-shortcode\"><div class=\"forminator-ui forminator-custom-form forminator-custom-form-7964 forminator-design--material  forminator_ajax\" data-forminator-render=\"0\" data-form=\"forminator-module-7964\" data-uid=\"69d5d6ced0cc9\"><br\/><\/div><form\n\t\t\t\tid=\"forminator-module-7964\"\n\t\t\t\tclass=\"forminator-ui forminator-custom-form forminator-custom-form-7964 forminator-design--material  forminator_ajax\"\n\t\t\t\tmethod=\"post\"\n\t\t\t\tdata-forminator-render=\"0\"\n\t\t\t\tdata-form-id=\"7964\"\n\t\t\t\tenctype=\"multipart\/form-data\" data-color-option=\"default\" data-design=\"material\" data-grid=\"open\" style=\"display: none;\"\n\t\t\t\tdata-uid=\"69d5d6ced0cc9\" action=\"\"\n\t\t\t><div role=\"alert\" aria-live=\"polite\" class=\"forminator-response-message forminator-error\" aria-hidden=\"true\"><\/div><div class=\"forminator-row\"><div id=\"email-1\" class=\"forminator-field-email forminator-col forminator-col-12\"><div class=\"forminator-field\"><label for=\"forminator-field-email-1_69d5d6ced0cc9\" id=\"forminator-field-email-1_69d5d6ced0cc9-label\" class=\"forminator-label\">Email address <span class=\"forminator-required\">*<\/span><\/label><input type=\"email\" name=\"email-1\" value=\"\" placeholder=\"\" id=\"forminator-field-email-1_69d5d6ced0cc9\" class=\"forminator-input forminator-email--field\" data-required=\"true\" aria-required=\"true\" autocomplete=\"email\" \/><\/div><\/div><\/div><div class=\"forminator-row\"><div id=\"text-1\" class=\"forminator-field-text forminator-col forminator-col-12\"><div class=\"forminator-field\"><label for=\"forminator-field-text-1_69d5d6ced0cc9\" id=\"forminator-field-text-1_69d5d6ced0cc9-label\" class=\"forminator-label\">Part number <span class=\"forminator-required\">*<\/span><\/label><input type=\"text\" name=\"text-1\" value=\"\" placeholder=\"\" id=\"forminator-field-text-1_69d5d6ced0cc9\" class=\"forminator-input forminator-name--field\" data-required=\"1\" \/><\/div><\/div><\/div><div class=\"forminator-row\"><div id=\"text-2\" class=\"forminator-field-text forminator-col forminator-col-12\"><div class=\"forminator-field\"><label for=\"forminator-field-text-2_69d5d6ced0cc9\" id=\"forminator-field-text-2_69d5d6ced0cc9-label\" class=\"forminator-label\">Order number<\/label><input type=\"text\" name=\"text-2\" value=\"\" placeholder=\"Optional\" id=\"forminator-field-text-2_69d5d6ced0cc9\" class=\"forminator-input forminator-name--field\" data-required=\"\" \/><\/div><\/div><\/div><div class=\"forminator-row\"><div id=\"textarea-1\" class=\"forminator-field-textarea forminator-col forminator-col-12\"><div class=\"forminator-field\"><label for=\"forminator-field-textarea-1_69d5d6ced0cc9\" id=\"forminator-field-textarea-1_69d5d6ced0cc9-label\" class=\"forminator-label\">Message <span class=\"forminator-required\">*<\/span><\/label><textarea name=\"textarea-1\" placeholder=\"Enter your message...\" id=\"forminator-field-textarea-1_69d5d6ced0cc9\" class=\"forminator-textarea\" rows=\"6\" style=\"min-height:140px;\" maxlength=\"1000\" ><\/textarea><span id=\"forminator-field-textarea-1_69d5d6ced0cc9-description\" class=\"forminator-description\"><span data-limit=\"1000\" data-type=\"characters\" data-editor=\"\">0 \/ 1000<\/span><\/span><\/div><\/div><\/div><div class=\"forminator-row\"><div id=\"upload-1\" class=\"forminator-field-upload forminator-col forminator-col-12\"><div class=\"forminator-field\"><label for=\"forminator-field-upload-1_69d5d6ced0cc9\" id=\"forminator-field-upload-1_69d5d6ced0cc9-label\" class=\"forminator-label\">Send file<\/label><div class=\"forminator-multi-upload\" data-element=\"upload-1_69d5d6ced0cc9\" aria-describedby=\"forminator-field-upload-1_69d5d6ced0cc9-description\"><input type=\"file\" name=\"upload-1[]\" id=\"forminator-field-upload-1_69d5d6ced0cc9\" class=\"forminator-input-file forminator-field-upload-1_69d5d6ced0cc9-7964\" multiple=\"multiple\" data-method=\"ajax\" accept=\".redux,.txt,.asc,.c,.cc,.h,.srt,.jpg,.jpeg,.jpe,.png,.bin,.hex\" data-limit=\"2\" data-limit-message=\"You can upload a maximum of 2 files.\" data-size=\"8000000\" data-size-message=\"Maximum file size allowed is 8 MB. \" data-filetype=\"redux|txt|asc|c|cc|h|srt|jpg|jpeg|jpe|png|bin|hex\" data-filetype-message=\"file extension is not allowed.\"><div class=\"forminator-multi-upload-message\" aria-hidden=\"true\"><span class=\"forminator-icon-upload\" aria-hidden=\"true\"><\/span><p>Drag and Drop (or) <a class=\"forminator-upload-file--forminator-field-upload-1_69d5d6ced0cc9\" href=\"#\" onclick=\"return false;\">Choose Files<\/a><\/p><\/div><\/div><span id=\"forminator-field-upload-1_69d5d6ced0cc9-description\" class=\"forminator-description\">Allowed: text files, images, and binary files (.bin or .hex)<\/span><ul class=\"forminator-uploaded-files upload-container-upload-1_69d5d6ced0cc9\"><\/ul><\/div><\/div><\/div><div class=\"forminator-row\"><div id=\"captcha-1\" class=\"forminator-field-captcha forminator-col forminator-col-12\"><div class=\"forminator-captcha-left forminator-hcaptcha\" data-theme=\"light\"  data-sitekey=\"cb45b385-aee1-4630-8bba-a6162a0d8ea9\" data-size=\"normal\"><\/div> <\/div><\/div><input type=\"hidden\" name=\"referer_url\" value=\"\" \/><div class=\"forminator-row forminator-row-last\"><div class=\"forminator-col\"><div class=\"forminator-field\"><button class=\"forminator-button forminator-button-submit\"><span>Wy\u015blij wiadomo\u015b\u0107<\/span><span aria-hidden=\"true\"><\/span><\/button><\/div><\/div><\/div><input type=\"hidden\" id=\"forminator_nonce\" name=\"forminator_nonce\" value=\"8c7d2f9eaa\" \/><input type=\"hidden\" name=\"_wp_http_referer\" value=\"\/en\/wp-json\/wp\/v2\/pages\/66\" \/><input type=\"hidden\" name=\"form_id\" value=\"7964\"><input type=\"hidden\" name=\"page_id\" value=\"66\"><input type=\"hidden\" name=\"form_type\" value=\"default\"><input type=\"hidden\" name=\"current_url\" value=\"https:\/\/crashdatareset.pl\/en\/pomoc-techniczna\/\"><input type=\"hidden\" name=\"render_id\" value=\"0\"><input type=\"hidden\" name=\"forminator-multifile-hidden\" class=\"forminator-multifile-hidden\"><input type=\"hidden\" name=\"action\" value=\"forminator_submit_form_custom-forms\"><input type=\"hidden\" name=\"trp-form-language\" value=\"en\"\/><\/form><\/div>\n\t\t\t\t\t\t<\/div>\n\t\t\t\t<\/div>\n\t\t\t\t\t<\/div>\n\t\t<\/div>\n\t\t\t\t\t<\/div>\n\t\t<\/section>\n\t\t\t\t\t<\/div>\n\t\t<\/div>\n\t\t\t\t\t<\/div>\n\t\t<\/section>\n\t\t\t\t<\/div>","protected":false},"excerpt":{"rendered":"<p>Formularz kontaktowy Poniedzia\u0142ek &#8211; pi\u0105tek: 9.00 &#8211; 18.00 (GMT+1)Sobota: 9.00 &#8211; 15.00 (GMT+1)<\/p>","protected":false},"author":1,"featured_media":0,"parent":0,"menu_order":0,"comment_status":"closed","ping_status":"closed","template":"page-templates\/template-pagebuilder-full-width.php","meta":{"neve_meta_sidebar":"full-width","neve_meta_container":"","neve_meta_enable_content_width":"on","neve_meta_content_width":100,"neve_meta_title_alignment":"","neve_meta_author_avatar":"","neve_post_elements_order":"","neve_meta_disable_header":"","neve_meta_disable_footer":"","neve_meta_disable_title":"","neve_meta_reading_time":"","footnotes":""},"class_list":["post-66","page","type-page","status-publish","hentry"],"yoast_head":"<!-- This site is optimized with the Yoast SEO plugin v27.3 - https:\/\/yoast.com\/product\/yoast-seo-wordpress\/ -->\n<title>Pomoc techniczna - Crashdatareset<\/title>\n<meta name=\"robots\" content=\"index, follow, max-snippet:-1, max-image-preview:large, max-video-preview:-1\" \/>\n<link rel=\"canonical\" href=\"https:\/\/crashdatareset.pl\/en\/wp-json\/wp\/v2\/pages\/66\" \/>\n<meta property=\"og:locale\" content=\"en_US\" \/>\n<meta property=\"og:type\" content=\"article\" \/>\n<meta property=\"og:title\" content=\"Pomoc techniczna - Crashdatareset\" \/>\n<meta property=\"og:description\" content=\"Formularz kontaktowy Poniedzia\u0142ek &#8211; pi\u0105tek: 9.00 &#8211; 18.00 (GMT+1)Sobota: 9.00 &#8211; 15.00 (GMT+1)\" \/>\n<meta property=\"og:url\" content=\"https:\/\/crashdatareset.pl\/en\/pomoc-techniczna\/\" \/>\n<meta property=\"og:site_name\" content=\"Crashdatareset\" \/>\n<meta property=\"article:modified_time\" content=\"2024-03-18T07:47:51+00:00\" \/>\n<meta name=\"twitter:card\" content=\"summary_large_image\" \/>\n<script type=\"application\/ld+json\" class=\"yoast-schema-graph\">{\"@context\":\"https:\\\/\\\/schema.org\",\"@graph\":[{\"@type\":\"WebPage\",\"@id\":\"https:\\\/\\\/crashdatareset.pl\\\/pomoc-techniczna\\\/\",\"url\":\"https:\\\/\\\/crashdatareset.pl\\\/pomoc-techniczna\\\/\",\"name\":\"Pomoc techniczna - Crashdatareset\",\"isPartOf\":{\"@id\":\"https:\\\/\\\/crashdatareset.pl\\\/en\\\/#website\"},\"datePublished\":\"2020-06-12T15:36:55+00:00\",\"dateModified\":\"2024-03-18T07:47:51+00:00\",\"breadcrumb\":{\"@id\":\"https:\\\/\\\/crashdatareset.pl\\\/pomoc-techniczna\\\/#breadcrumb\"},\"inLanguage\":\"en-US\",\"potentialAction\":[{\"@type\":\"ReadAction\",\"target\":[\"https:\\\/\\\/crashdatareset.pl\\\/pomoc-techniczna\\\/\"]}]},{\"@type\":\"BreadcrumbList\",\"@id\":\"https:\\\/\\\/crashdatareset.pl\\\/pomoc-techniczna\\\/#breadcrumb\",\"itemListElement\":[{\"@type\":\"ListItem\",\"position\":1,\"name\":\"Strona g\u0142\u00f3wna\",\"item\":\"https:\\\/\\\/crashdatareset.pl\\\/\"},{\"@type\":\"ListItem\",\"position\":2,\"name\":\"Pomoc techniczna\"}]},{\"@type\":\"WebSite\",\"@id\":\"https:\\\/\\\/crashdatareset.pl\\\/en\\\/#website\",\"url\":\"https:\\\/\\\/crashdatareset.pl\\\/en\\\/\",\"name\":\"Crashdatareset\",\"description\":\"\",\"publisher\":{\"@id\":\"https:\\\/\\\/crashdatareset.pl\\\/en\\\/#organization\"},\"potentialAction\":[{\"@type\":\"SearchAction\",\"target\":{\"@type\":\"EntryPoint\",\"urlTemplate\":\"https:\\\/\\\/crashdatareset.pl\\\/en\\\/?s={search_term_string}\"},\"query-input\":{\"@type\":\"PropertyValueSpecification\",\"valueRequired\":true,\"valueName\":\"search_term_string\"}}],\"inLanguage\":\"en-US\"},{\"@type\":\"Organization\",\"@id\":\"https:\\\/\\\/crashdatareset.pl\\\/en\\\/#organization\",\"name\":\"crashdatareset\",\"alternateName\":\"crashdatareset\",\"url\":\"https:\\\/\\\/crashdatareset.pl\\\/en\\\/\",\"logo\":{\"@type\":\"ImageObject\",\"inLanguage\":\"en-US\",\"@id\":\"https:\\\/\\\/crashdatareset.pl\\\/en\\\/#\\\/schema\\\/logo\\\/image\\\/\",\"url\":\"https:\\\/\\\/crashdatareset.pl\\\/wp-content\\\/uploads\\\/2020\\\/06\\\/cropped-logo-cdr-1.2.png\",\"contentUrl\":\"https:\\\/\\\/crashdatareset.pl\\\/wp-content\\\/uploads\\\/2020\\\/06\\\/cropped-logo-cdr-1.2.png\",\"width\":260,\"height\":52,\"caption\":\"crashdatareset\"},\"image\":{\"@id\":\"https:\\\/\\\/crashdatareset.pl\\\/en\\\/#\\\/schema\\\/logo\\\/image\\\/\"}}]}<\/script>\n<!-- \/ Yoast SEO plugin. -->","yoast_head_json":{"title":"Pomoc techniczna - Crashdatareset","robots":{"index":"index","follow":"follow","max-snippet":"max-snippet:-1","max-image-preview":"max-image-preview:large","max-video-preview":"max-video-preview:-1"},"canonical":"https:\/\/crashdatareset.pl\/en\/wp-json\/wp\/v2\/pages\/66","og_locale":"en_US","og_type":"article","og_title":"Pomoc techniczna - Crashdatareset","og_description":"Formularz kontaktowy Poniedzia\u0142ek &#8211; pi\u0105tek: 9.00 &#8211; 18.00 (GMT+1)Sobota: 9.00 &#8211; 15.00 (GMT+1)","og_url":"https:\/\/crashdatareset.pl\/en\/pomoc-techniczna\/","og_site_name":"Crashdatareset","article_modified_time":"2024-03-18T07:47:51+00:00","twitter_card":"summary_large_image","schema":{"@context":"https:\/\/schema.org","@graph":[{"@type":"WebPage","@id":"https:\/\/crashdatareset.pl\/pomoc-techniczna\/","url":"https:\/\/crashdatareset.pl\/pomoc-techniczna\/","name":"Pomoc techniczna - Crashdatareset","isPartOf":{"@id":"https:\/\/crashdatareset.pl\/en\/#website"},"datePublished":"2020-06-12T15:36:55+00:00","dateModified":"2024-03-18T07:47:51+00:00","breadcrumb":{"@id":"https:\/\/crashdatareset.pl\/pomoc-techniczna\/#breadcrumb"},"inLanguage":"en-US","potentialAction":[{"@type":"ReadAction","target":["https:\/\/crashdatareset.pl\/pomoc-techniczna\/"]}]},{"@type":"BreadcrumbList","@id":"https:\/\/crashdatareset.pl\/pomoc-techniczna\/#breadcrumb","itemListElement":[{"@type":"ListItem","position":1,"name":"Strona g\u0142\u00f3wna","item":"https:\/\/crashdatareset.pl\/"},{"@type":"ListItem","position":2,"name":"Pomoc techniczna"}]},{"@type":"WebSite","@id":"https:\/\/crashdatareset.pl\/en\/#website","url":"https:\/\/crashdatareset.pl\/en\/","name":"Crashdatareset","description":"","publisher":{"@id":"https:\/\/crashdatareset.pl\/en\/#organization"},"potentialAction":[{"@type":"SearchAction","target":{"@type":"EntryPoint","urlTemplate":"https:\/\/crashdatareset.pl\/en\/?s={search_term_string}"},"query-input":{"@type":"PropertyValueSpecification","valueRequired":true,"valueName":"search_term_string"}}],"inLanguage":"en-US"},{"@type":"Organization","@id":"https:\/\/crashdatareset.pl\/en\/#organization","name":"crashdatareset","alternateName":"crashdatareset","url":"https:\/\/crashdatareset.pl\/en\/","logo":{"@type":"ImageObject","inLanguage":"en-US","@id":"https:\/\/crashdatareset.pl\/en\/#\/schema\/logo\/image\/","url":"https:\/\/crashdatareset.pl\/wp-content\/uploads\/2020\/06\/cropped-logo-cdr-1.2.png","contentUrl":"https:\/\/crashdatareset.pl\/wp-content\/uploads\/2020\/06\/cropped-logo-cdr-1.2.png","width":260,"height":52,"caption":"crashdatareset"},"image":{"@id":"https:\/\/crashdatareset.pl\/en\/#\/schema\/logo\/image\/"}}]}},"_links":{"self":[{"href":"https:\/\/crashdatareset.pl\/en\/wp-json\/wp\/v2\/pages\/66","targetHints":{"allow":["GET"]}}],"collection":[{"href":"https:\/\/crashdatareset.pl\/en\/wp-json\/wp\/v2\/pages"}],"about":[{"href":"https:\/\/crashdatareset.pl\/en\/wp-json\/wp\/v2\/types\/page"}],"author":[{"embeddable":true,"href":"https:\/\/crashdatareset.pl\/en\/wp-json\/wp\/v2\/users\/1"}],"replies":[{"embeddable":true,"href":"https:\/\/crashdatareset.pl\/en\/wp-json\/wp\/v2\/comments?post=66"}],"version-history":[{"count":35,"href":"https:\/\/crashdatareset.pl\/en\/wp-json\/wp\/v2\/pages\/66\/revisions"}],"predecessor-version":[{"id":23074,"href":"https:\/\/crashdatareset.pl\/en\/wp-json\/wp\/v2\/pages\/66\/revisions\/23074"}],"wp:attachment":[{"href":"https:\/\/crashdatareset.pl\/en\/wp-json\/wp\/v2\/media?parent=66"}],"curies":[{"name":"wp","href":"https:\/\/api.w.org\/{rel}","templated":true}]}}