{"id":30598,"date":"2025-03-18T15:26:36","date_gmt":"2025-03-18T14:26:36","guid":{"rendered":"https:\/\/crashdatareset.pl\/?post_type=product&#038;p=30598"},"modified":"2025-07-30T14:40:23","modified_gmt":"2025-07-30T12:40:23","slug":"2q0-959-655-aj-0-285-014-910","status":"publish","type":"product","link":"https:\/\/crashdatareset.pl\/en\/sklep\/rh850\/2q0-959-655-aj-0-285-014-910\/","title":{"rendered":"2Q0 959 655  CRASH DATA RESET"},"content":{"rendered":"","protected":false},"excerpt":{"rendered":"<p>Us\u0142uga zresetowania licznik\u00f3w Crash Daty<\/p>\n<p>Wszystkie liczniki Crash Daty b\u0119d\u0105 ustawione na 0<\/p>\n<p>Oferta dotyczy sterownik\u00f3w z zabezpieczonym procesorem RH850-R7F701330, R7F7010643<\/p>\n<p>Lista sterownik\u00f3w SRS:<\/p>\n<ul>\n<li>2Q0 959 655<\/li>\n<li>2Q0 959 655 AE<\/li>\n<li>2Q0 959 655 AD<\/li>\n<li>2Q0 959 655 AN<\/li>\n<li>2Q0 959 655 AG<\/li>\n<li>2Q0 959 655 AJ<\/li>\n<li>2Q0 959 655 AB<\/li>\n<li>2Q0 959 655 AP<\/li>\n<li>2Q0 959 655 AQ<\/li>\n<li>2Q0 959 655 AH<\/li>\n<li>2Q0 959 655 AK<\/li>\n<li>2Q0 959 655 AM<\/li>\n<li>2Q0 959 655 AS<\/li>\n<li>2Q0 959 655 AB<\/li>\n<li>2Q0 959 655 B<\/li>\n<li>2Q0 959 655 BJ<\/li>\n<li>2Q0 959 655 BL<\/li>\n<li>2Q0 959 655 AF<\/li>\n<li>2Q0 959 655 AC<\/li>\n<li>2Q0 959 655 AP<\/li>\n<li>2Q0 959 655 AL<\/li>\n<li>2Q0 959 655 AD<\/li>\n<\/ul>\n<p>Sterownik trzeba dostarczy\u0107 do naszej firmy<\/p>\n<p>Adres:<br \/>\nF.H.U Witczak<br \/>\nGrabowo Kr\u00f3lewskie 35\/1<br \/>\n62-306 Ko\u0142aczkowo<\/p>\n<p>e-mail:\u00a0<a href=\"https:\/\/crashdatareset.pl\/en\/pomoc-techniczna\/\">kontakt@crashdatareset.pl<\/a><br \/>\nNumer telefonu: 605 445 765<\/p>","protected":false},"featured_media":31092,"template":"","meta":{"neve_meta_sidebar":"","neve_meta_container":"","neve_meta_enable_content_width":"off","neve_meta_content_width":100,"neve_meta_title_alignment":"","neve_meta_author_avatar":"","neve_post_elements_order":"","neve_meta_disable_header":"","neve_meta_disable_footer":"","neve_meta_disable_title":"","neve_meta_reading_time":""},"product_brand":[36],"product_cat":[35],"product_tag":[],"class_list":{"0":"post-30598","1":"product","2":"type-product","3":"status-publish","4":"has-post-thumbnail","6":"product_brand-vag","7":"product_cat-rh850","9":"first","10":"instock","11":"taxable","12":"shipping-taxable","13":"purchasable","14":"product-type-simple"},"yoast_head":"<!-- This site is optimized with the Yoast SEO plugin v27.3 - https:\/\/yoast.com\/product\/yoast-seo-wordpress\/ -->\n<title>2Q0 959 655 CRASH DATA RESET - Crashdatareset<\/title>\n<meta name=\"robots\" content=\"index, follow, max-snippet:-1, max-image-preview:large, max-video-preview:-1\" \/>\n<link rel=\"canonical\" href=\"https:\/\/crashdatareset.pl\/en\/wp-json\/wp\/v2\/product\/30598\" \/>\n<meta property=\"og:locale\" content=\"en_US\" \/>\n<meta property=\"og:type\" content=\"article\" \/>\n<meta property=\"og:title\" content=\"2Q0 959 655 CRASH DATA RESET - Crashdatareset\" \/>\n<meta property=\"og:description\" content=\"Us\u0142uga zresetowania licznik\u00f3w Crash Daty  Wszystkie liczniki Crash Daty b\u0119d\u0105 ustawione na 0  Oferta dotyczy sterownik\u00f3w z zabezpieczonym procesorem RH850-R7F701330, R7F7010643  Lista sterownik\u00f3w SRS:   2Q0 959 655  2Q0 959 655 AE  2Q0 959 655 AD  2Q0 959 655 AN  2Q0 959 655 AG  2Q0 959 655 AJ  2Q0 959 655 AB  2Q0 959 655 AP  2Q0 959 655 AQ  2Q0 959 655 AH  2Q0 959 655 AK  2Q0 959 655 AM  2Q0 959 655 AS  2Q0 959 655 AB  2Q0 959 655 B  2Q0 959 655 BJ  2Q0 959 655 BL  2Q0 959 655 AF  2Q0 959 655 AC  2Q0 959 655 AP  2Q0 959 655 AL  2Q0 959 655 AD  Sterownik trzeba dostarczy\u0107 do naszej firmy  Adres: F.H.U Witczak Grabowo Kr\u00f3lewskie 35\/1 62-306 Ko\u0142aczkowo  e-mail:\u00a0kontakt@crashdatareset.pl Numer telefonu: 605 445 765\" \/>\n<meta property=\"og:url\" content=\"https:\/\/crashdatareset.pl\/en\/sklep\/rh850\/2q0-959-655-aj-0-285-014-910\/\" \/>\n<meta property=\"og:site_name\" content=\"Crashdatareset\" \/>\n<meta property=\"article:modified_time\" content=\"2025-07-30T12:40:23+00:00\" \/>\n<meta property=\"og:image\" content=\"https:\/\/crashdatareset.pl\/wp-content\/uploads\/2025\/03\/2Q0-2-1024x922.png\" \/>\n\t<meta property=\"og:image:width\" content=\"1024\" \/>\n\t<meta property=\"og:image:height\" content=\"922\" \/>\n\t<meta property=\"og:image:type\" content=\"image\/png\" \/>\n<meta name=\"twitter:card\" content=\"summary_large_image\" \/>\n<script type=\"application\/ld+json\" class=\"yoast-schema-graph\">{\"@context\":\"https:\\\/\\\/schema.org\",\"@graph\":[{\"@type\":\"WebPage\",\"@id\":\"https:\\\/\\\/crashdatareset.pl\\\/sklep\\\/rh850\\\/2q0-959-655-aj-0-285-014-910\\\/\",\"url\":\"https:\\\/\\\/crashdatareset.pl\\\/sklep\\\/rh850\\\/2q0-959-655-aj-0-285-014-910\\\/\",\"name\":\"2Q0 959 655 CRASH DATA RESET - Crashdatareset\",\"isPartOf\":{\"@id\":\"https:\\\/\\\/crashdatareset.pl\\\/en\\\/#website\"},\"primaryImageOfPage\":{\"@id\":\"https:\\\/\\\/crashdatareset.pl\\\/sklep\\\/rh850\\\/2q0-959-655-aj-0-285-014-910\\\/#primaryimage\"},\"image\":{\"@id\":\"https:\\\/\\\/crashdatareset.pl\\\/sklep\\\/rh850\\\/2q0-959-655-aj-0-285-014-910\\\/#primaryimage\"},\"thumbnailUrl\":\"https:\\\/\\\/crashdatareset.pl\\\/wp-content\\\/uploads\\\/2025\\\/03\\\/2Q0-2.png\",\"datePublished\":\"2025-03-18T14:26:36+00:00\",\"dateModified\":\"2025-07-30T12:40:23+00:00\",\"breadcrumb\":{\"@id\":\"https:\\\/\\\/crashdatareset.pl\\\/sklep\\\/rh850\\\/2q0-959-655-aj-0-285-014-910\\\/#breadcrumb\"},\"inLanguage\":\"en-US\",\"potentialAction\":[{\"@type\":\"ReadAction\",\"target\":[\"https:\\\/\\\/crashdatareset.pl\\\/sklep\\\/rh850\\\/2q0-959-655-aj-0-285-014-910\\\/\"]}]},{\"@type\":\"ImageObject\",\"inLanguage\":\"en-US\",\"@id\":\"https:\\\/\\\/crashdatareset.pl\\\/sklep\\\/rh850\\\/2q0-959-655-aj-0-285-014-910\\\/#primaryimage\",\"url\":\"https:\\\/\\\/crashdatareset.pl\\\/wp-content\\\/uploads\\\/2025\\\/03\\\/2Q0-2.png\",\"contentUrl\":\"https:\\\/\\\/crashdatareset.pl\\\/wp-content\\\/uploads\\\/2025\\\/03\\\/2Q0-2.png\",\"width\":2232,\"height\":2009},{\"@type\":\"BreadcrumbList\",\"@id\":\"https:\\\/\\\/crashdatareset.pl\\\/sklep\\\/rh850\\\/2q0-959-655-aj-0-285-014-910\\\/#breadcrumb\",\"itemListElement\":[{\"@type\":\"ListItem\",\"position\":1,\"name\":\"Strona g\u0142\u00f3wna\",\"item\":\"https:\\\/\\\/crashdatareset.pl\\\/\"},{\"@type\":\"ListItem\",\"position\":2,\"name\":\"Sklep\",\"item\":\"https:\\\/\\\/crashdatareset.pl\\\/sklep\\\/\"},{\"@type\":\"ListItem\",\"position\":3,\"name\":\"2Q0 959 655 CRASH DATA RESET\"}]},{\"@type\":\"WebSite\",\"@id\":\"https:\\\/\\\/crashdatareset.pl\\\/en\\\/#website\",\"url\":\"https:\\\/\\\/crashdatareset.pl\\\/en\\\/\",\"name\":\"Crashdatareset\",\"description\":\"\",\"publisher\":{\"@id\":\"https:\\\/\\\/crashdatareset.pl\\\/en\\\/#organization\"},\"potentialAction\":[{\"@type\":\"SearchAction\",\"target\":{\"@type\":\"EntryPoint\",\"urlTemplate\":\"https:\\\/\\\/crashdatareset.pl\\\/en\\\/?s={search_term_string}\"},\"query-input\":{\"@type\":\"PropertyValueSpecification\",\"valueRequired\":true,\"valueName\":\"search_term_string\"}}],\"inLanguage\":\"en-US\"},{\"@type\":\"Organization\",\"@id\":\"https:\\\/\\\/crashdatareset.pl\\\/en\\\/#organization\",\"name\":\"crashdatareset\",\"alternateName\":\"crashdatareset\",\"url\":\"https:\\\/\\\/crashdatareset.pl\\\/en\\\/\",\"logo\":{\"@type\":\"ImageObject\",\"inLanguage\":\"en-US\",\"@id\":\"https:\\\/\\\/crashdatareset.pl\\\/en\\\/#\\\/schema\\\/logo\\\/image\\\/\",\"url\":\"https:\\\/\\\/crashdatareset.pl\\\/wp-content\\\/uploads\\\/2020\\\/06\\\/cropped-logo-cdr-1.2.png\",\"contentUrl\":\"https:\\\/\\\/crashdatareset.pl\\\/wp-content\\\/uploads\\\/2020\\\/06\\\/cropped-logo-cdr-1.2.png\",\"width\":260,\"height\":52,\"caption\":\"crashdatareset\"},\"image\":{\"@id\":\"https:\\\/\\\/crashdatareset.pl\\\/en\\\/#\\\/schema\\\/logo\\\/image\\\/\"}}]}<\/script>\n<!-- \/ Yoast SEO plugin. -->","yoast_head_json":{"title":"2Q0 959 655 CRASH DATA RESET - Crashdatareset","robots":{"index":"index","follow":"follow","max-snippet":"max-snippet:-1","max-image-preview":"max-image-preview:large","max-video-preview":"max-video-preview:-1"},"canonical":"https:\/\/crashdatareset.pl\/en\/wp-json\/wp\/v2\/product\/30598","og_locale":"en_US","og_type":"article","og_title":"2Q0 959 655 CRASH DATA RESET - Crashdatareset","og_description":"Us\u0142uga zresetowania licznik\u00f3w Crash Daty  Wszystkie liczniki Crash Daty b\u0119d\u0105 ustawione na 0  Oferta dotyczy sterownik\u00f3w z zabezpieczonym procesorem RH850-R7F701330, R7F7010643  Lista sterownik\u00f3w SRS:   2Q0 959 655  2Q0 959 655 AE  2Q0 959 655 AD  2Q0 959 655 AN  2Q0 959 655 AG  2Q0 959 655 AJ  2Q0 959 655 AB  2Q0 959 655 AP  2Q0 959 655 AQ  2Q0 959 655 AH  2Q0 959 655 AK  2Q0 959 655 AM  2Q0 959 655 AS  2Q0 959 655 AB  2Q0 959 655 B  2Q0 959 655 BJ  2Q0 959 655 BL  2Q0 959 655 AF  2Q0 959 655 AC  2Q0 959 655 AP  2Q0 959 655 AL  2Q0 959 655 AD  Sterownik trzeba dostarczy\u0107 do naszej firmy  Adres: F.H.U Witczak Grabowo Kr\u00f3lewskie 35\/1 62-306 Ko\u0142aczkowo  e-mail:\u00a0kontakt@crashdatareset.pl Numer telefonu: 605 445 765","og_url":"https:\/\/crashdatareset.pl\/en\/sklep\/rh850\/2q0-959-655-aj-0-285-014-910\/","og_site_name":"Crashdatareset","article_modified_time":"2025-07-30T12:40:23+00:00","og_image":[{"width":1024,"height":922,"url":"https:\/\/crashdatareset.pl\/wp-content\/uploads\/2025\/03\/2Q0-2-1024x922.png","type":"image\/png"}],"twitter_card":"summary_large_image","schema":{"@context":"https:\/\/schema.org","@graph":[{"@type":"WebPage","@id":"https:\/\/crashdatareset.pl\/sklep\/rh850\/2q0-959-655-aj-0-285-014-910\/","url":"https:\/\/crashdatareset.pl\/sklep\/rh850\/2q0-959-655-aj-0-285-014-910\/","name":"2Q0 959 655 CRASH DATA RESET - Crashdatareset","isPartOf":{"@id":"https:\/\/crashdatareset.pl\/en\/#website"},"primaryImageOfPage":{"@id":"https:\/\/crashdatareset.pl\/sklep\/rh850\/2q0-959-655-aj-0-285-014-910\/#primaryimage"},"image":{"@id":"https:\/\/crashdatareset.pl\/sklep\/rh850\/2q0-959-655-aj-0-285-014-910\/#primaryimage"},"thumbnailUrl":"https:\/\/crashdatareset.pl\/wp-content\/uploads\/2025\/03\/2Q0-2.png","datePublished":"2025-03-18T14:26:36+00:00","dateModified":"2025-07-30T12:40:23+00:00","breadcrumb":{"@id":"https:\/\/crashdatareset.pl\/sklep\/rh850\/2q0-959-655-aj-0-285-014-910\/#breadcrumb"},"inLanguage":"en-US","potentialAction":[{"@type":"ReadAction","target":["https:\/\/crashdatareset.pl\/sklep\/rh850\/2q0-959-655-aj-0-285-014-910\/"]}]},{"@type":"ImageObject","inLanguage":"en-US","@id":"https:\/\/crashdatareset.pl\/sklep\/rh850\/2q0-959-655-aj-0-285-014-910\/#primaryimage","url":"https:\/\/crashdatareset.pl\/wp-content\/uploads\/2025\/03\/2Q0-2.png","contentUrl":"https:\/\/crashdatareset.pl\/wp-content\/uploads\/2025\/03\/2Q0-2.png","width":2232,"height":2009},{"@type":"BreadcrumbList","@id":"https:\/\/crashdatareset.pl\/sklep\/rh850\/2q0-959-655-aj-0-285-014-910\/#breadcrumb","itemListElement":[{"@type":"ListItem","position":1,"name":"Strona g\u0142\u00f3wna","item":"https:\/\/crashdatareset.pl\/"},{"@type":"ListItem","position":2,"name":"Sklep","item":"https:\/\/crashdatareset.pl\/sklep\/"},{"@type":"ListItem","position":3,"name":"2Q0 959 655 CRASH DATA RESET"}]},{"@type":"WebSite","@id":"https:\/\/crashdatareset.pl\/en\/#website","url":"https:\/\/crashdatareset.pl\/en\/","name":"Crashdatareset","description":"","publisher":{"@id":"https:\/\/crashdatareset.pl\/en\/#organization"},"potentialAction":[{"@type":"SearchAction","target":{"@type":"EntryPoint","urlTemplate":"https:\/\/crashdatareset.pl\/en\/?s={search_term_string}"},"query-input":{"@type":"PropertyValueSpecification","valueRequired":true,"valueName":"search_term_string"}}],"inLanguage":"en-US"},{"@type":"Organization","@id":"https:\/\/crashdatareset.pl\/en\/#organization","name":"crashdatareset","alternateName":"crashdatareset","url":"https:\/\/crashdatareset.pl\/en\/","logo":{"@type":"ImageObject","inLanguage":"en-US","@id":"https:\/\/crashdatareset.pl\/en\/#\/schema\/logo\/image\/","url":"https:\/\/crashdatareset.pl\/wp-content\/uploads\/2020\/06\/cropped-logo-cdr-1.2.png","contentUrl":"https:\/\/crashdatareset.pl\/wp-content\/uploads\/2020\/06\/cropped-logo-cdr-1.2.png","width":260,"height":52,"caption":"crashdatareset"},"image":{"@id":"https:\/\/crashdatareset.pl\/en\/#\/schema\/logo\/image\/"}}]}},"_links":{"self":[{"href":"https:\/\/crashdatareset.pl\/en\/wp-json\/wp\/v2\/product\/30598","targetHints":{"allow":["GET"]}}],"collection":[{"href":"https:\/\/crashdatareset.pl\/en\/wp-json\/wp\/v2\/product"}],"about":[{"href":"https:\/\/crashdatareset.pl\/en\/wp-json\/wp\/v2\/types\/product"}],"wp:featuredmedia":[{"embeddable":true,"href":"https:\/\/crashdatareset.pl\/en\/wp-json\/wp\/v2\/media\/31092"}],"wp:attachment":[{"href":"https:\/\/crashdatareset.pl\/en\/wp-json\/wp\/v2\/media?parent=30598"}],"wp:term":[{"taxonomy":"product_brand","embeddable":true,"href":"https:\/\/crashdatareset.pl\/en\/wp-json\/wp\/v2\/product_brand?post=30598"},{"taxonomy":"product_cat","embeddable":true,"href":"https:\/\/crashdatareset.pl\/en\/wp-json\/wp\/v2\/product_cat?post=30598"},{"taxonomy":"product_tag","embeddable":true,"href":"https:\/\/crashdatareset.pl\/en\/wp-json\/wp\/v2\/product_tag?post=30598"}],"curies":[{"name":"wp","href":"https:\/\/api.w.org\/{rel}","templated":true}]}}