{"id":30934,"date":"2025-03-29T13:47:57","date_gmt":"2025-03-29T12:47:57","guid":{"rendered":"https:\/\/crashdatareset.pl\/?post_type=product&#038;p=30934"},"modified":"2025-05-27T09:07:43","modified_gmt":"2025-05-27T07:07:43","slug":"tesla-crash-data-reset-1512876-00-e-1872985-00-a","status":"publish","type":"product","link":"https:\/\/crashdatareset.pl\/en\/sklep\/rh850\/tesla-crash-data-reset-1512876-00-e-1872985-00-a\/","title":{"rendered":"TESLA CRASH DATA RESET 1512876-00-E, 1872985-00-A"},"content":{"rendered":"","protected":false},"excerpt":{"rendered":"<p>Us\u0142uga zresetowania Crash Daty DTC B1193<\/p>\n<p>Oferta dotyczy sterownik\u00f3w z zabezpieczonym procesorem\u00a0 RH850-R7F701330A<\/p>\n<p>Lista sterownik\u00f3w SRS:<\/p>\n<ul>\n<li>1512876-00-E<\/li>\n<li>1872985-00-A<\/li>\n<\/ul>\n<p>Sterownik trzeba dostarczy\u0107 do naszej firmy<\/p>\n<p>Adres:<br \/>\nF.H.U Witczak<br \/>\nGrabowo Kr\u00f3lewskie 35\/1<br \/>\n62-306 Ko\u0142aczkowo<\/p>\n<p>e-mail:\u00a0<a href=\"https:\/\/crashdatareset.pl\/en\/pomoc-techniczna\/\">kontakt@crashdatareset.pl<\/a><br \/>\nNumer telefonu: 605 445 765<\/p>","protected":false},"featured_media":31095,"template":"","meta":{"neve_meta_sidebar":"","neve_meta_container":"","neve_meta_enable_content_width":"off","neve_meta_content_width":100,"neve_meta_title_alignment":"","neve_meta_author_avatar":"","neve_post_elements_order":"","neve_meta_disable_header":"","neve_meta_disable_footer":"","neve_meta_disable_title":"","neve_meta_reading_time":""},"product_brand":[43],"product_cat":[35],"product_tag":[],"class_list":{"0":"post-30934","1":"product","2":"type-product","3":"status-publish","4":"has-post-thumbnail","6":"product_brand-tesla","7":"product_cat-rh850","9":"first","10":"instock","11":"taxable","12":"shipping-taxable","13":"purchasable","14":"product-type-simple"},"yoast_head":"<!-- This site is optimized with the Yoast SEO plugin v27.3 - https:\/\/yoast.com\/product\/yoast-seo-wordpress\/ -->\n<title>TESLA CRASH DATA RESET 1512876-00-E, 1872985-00-A - Crashdatareset<\/title>\n<meta name=\"robots\" content=\"index, follow, max-snippet:-1, max-image-preview:large, max-video-preview:-1\" \/>\n<link rel=\"canonical\" href=\"https:\/\/crashdatareset.pl\/en\/wp-json\/wp\/v2\/product\/30934\" \/>\n<meta property=\"og:locale\" content=\"en_US\" \/>\n<meta property=\"og:type\" content=\"article\" \/>\n<meta property=\"og:title\" content=\"TESLA CRASH DATA RESET 1512876-00-E, 1872985-00-A - Crashdatareset\" \/>\n<meta property=\"og:description\" content=\"Us\u0142uga zresetowania Crash Daty DTC B1193  Oferta dotyczy sterownik\u00f3w z zabezpieczonym procesorem\u00a0 RH850-R7F701330A  Lista sterownik\u00f3w SRS:   1512876-00-E  1872985-00-A  Sterownik trzeba dostarczy\u0107 do naszej firmy  Adres: F.H.U Witczak Grabowo Kr\u00f3lewskie 35\/1 62-306 Ko\u0142aczkowo  e-mail:\u00a0kontakt@crashdatareset.pl Numer telefonu: 605 445 765\" \/>\n<meta property=\"og:url\" content=\"https:\/\/crashdatareset.pl\/en\/sklep\/rh850\/tesla-crash-data-reset-1512876-00-e-1872985-00-a\/\" \/>\n<meta property=\"og:site_name\" content=\"Crashdatareset\" \/>\n<meta property=\"article:modified_time\" content=\"2025-05-27T07:07:43+00:00\" \/>\n<meta property=\"og:image\" content=\"https:\/\/crashdatareset.pl\/wp-content\/uploads\/2025\/03\/tesla-3.png\" \/>\n\t<meta property=\"og:image:width\" content=\"759\" \/>\n\t<meta property=\"og:image:height\" content=\"633\" \/>\n\t<meta property=\"og:image:type\" content=\"image\/png\" \/>\n<meta name=\"twitter:card\" content=\"summary_large_image\" \/>\n<script type=\"application\/ld+json\" class=\"yoast-schema-graph\">{\"@context\":\"https:\\\/\\\/schema.org\",\"@graph\":[{\"@type\":\"WebPage\",\"@id\":\"https:\\\/\\\/crashdatareset.pl\\\/sklep\\\/rh850\\\/tesla-crash-data-reset-1512876-00-e-1872985-00-a\\\/\",\"url\":\"https:\\\/\\\/crashdatareset.pl\\\/sklep\\\/rh850\\\/tesla-crash-data-reset-1512876-00-e-1872985-00-a\\\/\",\"name\":\"TESLA CRASH DATA RESET 1512876-00-E, 1872985-00-A - Crashdatareset\",\"isPartOf\":{\"@id\":\"https:\\\/\\\/crashdatareset.pl\\\/en\\\/#website\"},\"primaryImageOfPage\":{\"@id\":\"https:\\\/\\\/crashdatareset.pl\\\/sklep\\\/rh850\\\/tesla-crash-data-reset-1512876-00-e-1872985-00-a\\\/#primaryimage\"},\"image\":{\"@id\":\"https:\\\/\\\/crashdatareset.pl\\\/sklep\\\/rh850\\\/tesla-crash-data-reset-1512876-00-e-1872985-00-a\\\/#primaryimage\"},\"thumbnailUrl\":\"https:\\\/\\\/crashdatareset.pl\\\/wp-content\\\/uploads\\\/2025\\\/03\\\/tesla-3.png\",\"datePublished\":\"2025-03-29T12:47:57+00:00\",\"dateModified\":\"2025-05-27T07:07:43+00:00\",\"breadcrumb\":{\"@id\":\"https:\\\/\\\/crashdatareset.pl\\\/sklep\\\/rh850\\\/tesla-crash-data-reset-1512876-00-e-1872985-00-a\\\/#breadcrumb\"},\"inLanguage\":\"en-US\",\"potentialAction\":[{\"@type\":\"ReadAction\",\"target\":[\"https:\\\/\\\/crashdatareset.pl\\\/sklep\\\/rh850\\\/tesla-crash-data-reset-1512876-00-e-1872985-00-a\\\/\"]}]},{\"@type\":\"ImageObject\",\"inLanguage\":\"en-US\",\"@id\":\"https:\\\/\\\/crashdatareset.pl\\\/sklep\\\/rh850\\\/tesla-crash-data-reset-1512876-00-e-1872985-00-a\\\/#primaryimage\",\"url\":\"https:\\\/\\\/crashdatareset.pl\\\/wp-content\\\/uploads\\\/2025\\\/03\\\/tesla-3.png\",\"contentUrl\":\"https:\\\/\\\/crashdatareset.pl\\\/wp-content\\\/uploads\\\/2025\\\/03\\\/tesla-3.png\",\"width\":759,\"height\":633},{\"@type\":\"BreadcrumbList\",\"@id\":\"https:\\\/\\\/crashdatareset.pl\\\/sklep\\\/rh850\\\/tesla-crash-data-reset-1512876-00-e-1872985-00-a\\\/#breadcrumb\",\"itemListElement\":[{\"@type\":\"ListItem\",\"position\":1,\"name\":\"Strona g\u0142\u00f3wna\",\"item\":\"https:\\\/\\\/crashdatareset.pl\\\/\"},{\"@type\":\"ListItem\",\"position\":2,\"name\":\"Sklep\",\"item\":\"https:\\\/\\\/crashdatareset.pl\\\/sklep\\\/\"},{\"@type\":\"ListItem\",\"position\":3,\"name\":\"TESLA CRASH DATA RESET 1512876-00-E, 1872985-00-A\"}]},{\"@type\":\"WebSite\",\"@id\":\"https:\\\/\\\/crashdatareset.pl\\\/en\\\/#website\",\"url\":\"https:\\\/\\\/crashdatareset.pl\\\/en\\\/\",\"name\":\"Crashdatareset\",\"description\":\"\",\"publisher\":{\"@id\":\"https:\\\/\\\/crashdatareset.pl\\\/en\\\/#organization\"},\"potentialAction\":[{\"@type\":\"SearchAction\",\"target\":{\"@type\":\"EntryPoint\",\"urlTemplate\":\"https:\\\/\\\/crashdatareset.pl\\\/en\\\/?s={search_term_string}\"},\"query-input\":{\"@type\":\"PropertyValueSpecification\",\"valueRequired\":true,\"valueName\":\"search_term_string\"}}],\"inLanguage\":\"en-US\"},{\"@type\":\"Organization\",\"@id\":\"https:\\\/\\\/crashdatareset.pl\\\/en\\\/#organization\",\"name\":\"crashdatareset\",\"alternateName\":\"crashdatareset\",\"url\":\"https:\\\/\\\/crashdatareset.pl\\\/en\\\/\",\"logo\":{\"@type\":\"ImageObject\",\"inLanguage\":\"en-US\",\"@id\":\"https:\\\/\\\/crashdatareset.pl\\\/en\\\/#\\\/schema\\\/logo\\\/image\\\/\",\"url\":\"https:\\\/\\\/crashdatareset.pl\\\/wp-content\\\/uploads\\\/2020\\\/06\\\/cropped-logo-cdr-1.2.png\",\"contentUrl\":\"https:\\\/\\\/crashdatareset.pl\\\/wp-content\\\/uploads\\\/2020\\\/06\\\/cropped-logo-cdr-1.2.png\",\"width\":260,\"height\":52,\"caption\":\"crashdatareset\"},\"image\":{\"@id\":\"https:\\\/\\\/crashdatareset.pl\\\/en\\\/#\\\/schema\\\/logo\\\/image\\\/\"}}]}<\/script>\n<!-- \/ Yoast SEO plugin. -->","yoast_head_json":{"title":"TESLA CRASH DATA RESET 1512876-00-E, 1872985-00-A - Crashdatareset","robots":{"index":"index","follow":"follow","max-snippet":"max-snippet:-1","max-image-preview":"max-image-preview:large","max-video-preview":"max-video-preview:-1"},"canonical":"https:\/\/crashdatareset.pl\/en\/wp-json\/wp\/v2\/product\/30934","og_locale":"en_US","og_type":"article","og_title":"TESLA CRASH DATA RESET 1512876-00-E, 1872985-00-A - Crashdatareset","og_description":"Us\u0142uga zresetowania Crash Daty DTC B1193  Oferta dotyczy sterownik\u00f3w z zabezpieczonym procesorem\u00a0 RH850-R7F701330A  Lista sterownik\u00f3w SRS:   1512876-00-E  1872985-00-A  Sterownik trzeba dostarczy\u0107 do naszej firmy  Adres: F.H.U Witczak Grabowo Kr\u00f3lewskie 35\/1 62-306 Ko\u0142aczkowo  e-mail:\u00a0kontakt@crashdatareset.pl Numer telefonu: 605 445 765","og_url":"https:\/\/crashdatareset.pl\/en\/sklep\/rh850\/tesla-crash-data-reset-1512876-00-e-1872985-00-a\/","og_site_name":"Crashdatareset","article_modified_time":"2025-05-27T07:07:43+00:00","og_image":[{"width":759,"height":633,"url":"https:\/\/crashdatareset.pl\/wp-content\/uploads\/2025\/03\/tesla-3.png","type":"image\/png"}],"twitter_card":"summary_large_image","schema":{"@context":"https:\/\/schema.org","@graph":[{"@type":"WebPage","@id":"https:\/\/crashdatareset.pl\/sklep\/rh850\/tesla-crash-data-reset-1512876-00-e-1872985-00-a\/","url":"https:\/\/crashdatareset.pl\/sklep\/rh850\/tesla-crash-data-reset-1512876-00-e-1872985-00-a\/","name":"TESLA CRASH DATA RESET 1512876-00-E, 1872985-00-A - Crashdatareset","isPartOf":{"@id":"https:\/\/crashdatareset.pl\/en\/#website"},"primaryImageOfPage":{"@id":"https:\/\/crashdatareset.pl\/sklep\/rh850\/tesla-crash-data-reset-1512876-00-e-1872985-00-a\/#primaryimage"},"image":{"@id":"https:\/\/crashdatareset.pl\/sklep\/rh850\/tesla-crash-data-reset-1512876-00-e-1872985-00-a\/#primaryimage"},"thumbnailUrl":"https:\/\/crashdatareset.pl\/wp-content\/uploads\/2025\/03\/tesla-3.png","datePublished":"2025-03-29T12:47:57+00:00","dateModified":"2025-05-27T07:07:43+00:00","breadcrumb":{"@id":"https:\/\/crashdatareset.pl\/sklep\/rh850\/tesla-crash-data-reset-1512876-00-e-1872985-00-a\/#breadcrumb"},"inLanguage":"en-US","potentialAction":[{"@type":"ReadAction","target":["https:\/\/crashdatareset.pl\/sklep\/rh850\/tesla-crash-data-reset-1512876-00-e-1872985-00-a\/"]}]},{"@type":"ImageObject","inLanguage":"en-US","@id":"https:\/\/crashdatareset.pl\/sklep\/rh850\/tesla-crash-data-reset-1512876-00-e-1872985-00-a\/#primaryimage","url":"https:\/\/crashdatareset.pl\/wp-content\/uploads\/2025\/03\/tesla-3.png","contentUrl":"https:\/\/crashdatareset.pl\/wp-content\/uploads\/2025\/03\/tesla-3.png","width":759,"height":633},{"@type":"BreadcrumbList","@id":"https:\/\/crashdatareset.pl\/sklep\/rh850\/tesla-crash-data-reset-1512876-00-e-1872985-00-a\/#breadcrumb","itemListElement":[{"@type":"ListItem","position":1,"name":"Strona g\u0142\u00f3wna","item":"https:\/\/crashdatareset.pl\/"},{"@type":"ListItem","position":2,"name":"Sklep","item":"https:\/\/crashdatareset.pl\/sklep\/"},{"@type":"ListItem","position":3,"name":"TESLA CRASH DATA RESET 1512876-00-E, 1872985-00-A"}]},{"@type":"WebSite","@id":"https:\/\/crashdatareset.pl\/en\/#website","url":"https:\/\/crashdatareset.pl\/en\/","name":"Crashdatareset","description":"","publisher":{"@id":"https:\/\/crashdatareset.pl\/en\/#organization"},"potentialAction":[{"@type":"SearchAction","target":{"@type":"EntryPoint","urlTemplate":"https:\/\/crashdatareset.pl\/en\/?s={search_term_string}"},"query-input":{"@type":"PropertyValueSpecification","valueRequired":true,"valueName":"search_term_string"}}],"inLanguage":"en-US"},{"@type":"Organization","@id":"https:\/\/crashdatareset.pl\/en\/#organization","name":"crashdatareset","alternateName":"crashdatareset","url":"https:\/\/crashdatareset.pl\/en\/","logo":{"@type":"ImageObject","inLanguage":"en-US","@id":"https:\/\/crashdatareset.pl\/en\/#\/schema\/logo\/image\/","url":"https:\/\/crashdatareset.pl\/wp-content\/uploads\/2020\/06\/cropped-logo-cdr-1.2.png","contentUrl":"https:\/\/crashdatareset.pl\/wp-content\/uploads\/2020\/06\/cropped-logo-cdr-1.2.png","width":260,"height":52,"caption":"crashdatareset"},"image":{"@id":"https:\/\/crashdatareset.pl\/en\/#\/schema\/logo\/image\/"}}]}},"_links":{"self":[{"href":"https:\/\/crashdatareset.pl\/en\/wp-json\/wp\/v2\/product\/30934","targetHints":{"allow":["GET"]}}],"collection":[{"href":"https:\/\/crashdatareset.pl\/en\/wp-json\/wp\/v2\/product"}],"about":[{"href":"https:\/\/crashdatareset.pl\/en\/wp-json\/wp\/v2\/types\/product"}],"wp:featuredmedia":[{"embeddable":true,"href":"https:\/\/crashdatareset.pl\/en\/wp-json\/wp\/v2\/media\/31095"}],"wp:attachment":[{"href":"https:\/\/crashdatareset.pl\/en\/wp-json\/wp\/v2\/media?parent=30934"}],"wp:term":[{"taxonomy":"product_brand","embeddable":true,"href":"https:\/\/crashdatareset.pl\/en\/wp-json\/wp\/v2\/product_brand?post=30934"},{"taxonomy":"product_cat","embeddable":true,"href":"https:\/\/crashdatareset.pl\/en\/wp-json\/wp\/v2\/product_cat?post=30934"},{"taxonomy":"product_tag","embeddable":true,"href":"https:\/\/crashdatareset.pl\/en\/wp-json\/wp\/v2\/product_tag?post=30934"}],"curies":[{"name":"wp","href":"https:\/\/api.w.org\/{rel}","templated":true}]}}