{"id":38266,"date":"2026-04-08T09:31:24","date_gmt":"2026-04-08T07:31:24","guid":{"rendered":"https:\/\/crashdatareset.pl\/?post_type=product&#038;p=38266"},"modified":"2026-04-08T09:45:48","modified_gmt":"2026-04-08T07:45:48","slug":"toyota-crash-data-reset-89170-02w80-89170-02y10-89170-06c60-89170-0e430-89170-12g20-89170-12k50-89170-46200-89170-47b60-89170-48f40","status":"publish","type":"product","link":"https:\/\/crashdatareset.pl\/en\/sklep\/rh850\/toyota-crash-data-reset-89170-02w80-89170-02y10-89170-06c60-89170-0e430-89170-12g20-89170-12k50-89170-46200-89170-47b60-89170-48f40\/","title":{"rendered":"TOYOTA CRASH DATA RESET 89170-02Y10, 89170-02W80, 89170-06C60, 89170-06C61, 89170-06C70, 89170-07450, 89170-0A120, 89170-0E430, 89170-0E720, 89170-12G20, 89170-12K50, 89170-12L30, 89170-33W60, 89170-46200, 89170-46250, 89170-47A50, 89170-47B50, 89170-47B60, 89170-47B80, 89170-48E60, 89170-48F40, 89170-48F60, 89170-48J30, 89170-48J40"},"content":{"rendered":"","protected":false},"excerpt":{"rendered":"<p>Us\u0142uga zresetowania Crash Daty<\/p>\n<p>Oferta dotyczy sterownik\u00f3w z zabezpieczonym procesorem CYT2B93BAC<\/p>\n<p>Lista sterownik\u00f3w SRS:<\/p>\n<ul>\n<li>89170-02Y10<\/li>\n<li>89170-02W80<\/li>\n<li>89170-06C60<\/li>\n<li>89170-06C61<\/li>\n<li>89170-06C70<\/li>\n<li>89170-07450<\/li>\n<li>89170-0A120<\/li>\n<li>89170-0E430<\/li>\n<li>89170-0E720<\/li>\n<li>89170-12G20<\/li>\n<li>89170-12K50<\/li>\n<li>89170-12L30<\/li>\n<li>89170-33W60<\/li>\n<li>89170-46200<\/li>\n<li>89170-46250<\/li>\n<li>89170-47A50<\/li>\n<li>89170-47B50<\/li>\n<li>89170-47B60<\/li>\n<li>89170-47B80<\/li>\n<li>89170-48E60<\/li>\n<li>89170-48F40<\/li>\n<li>89170-48F60<\/li>\n<li>89170-48J30<\/li>\n<li>89170-48J40<\/li>\n<\/ul>\n<p>Sterownik trzeba dostarczy\u0107 do naszej firmy<\/p>\n<p>Adres:<br \/>\nF.H.U Witczak<br \/>\nGrabowo Kr\u00f3lewskie 35\/1<br \/>\n62-306 Ko\u0142aczkowo<\/p>\n<p>e-mail:\u00a0<a href=\"https:\/\/crashdatareset.pl\/en\/pomoc-techniczna\/\">kontakt@crashdatareset.pl<\/a><br \/>\nNumer telefonu: 605 445 765<\/p>","protected":false},"featured_media":38267,"template":"","meta":{"neve_meta_sidebar":"","neve_meta_container":"","neve_meta_enable_content_width":"off","neve_meta_content_width":100,"neve_meta_title_alignment":"","neve_meta_author_avatar":"","neve_post_elements_order":"","neve_meta_disable_header":"","neve_meta_disable_footer":"","neve_meta_disable_title":"","neve_meta_reading_time":""},"product_brand":[39],"product_cat":[35],"product_tag":[],"class_list":{"0":"post-38266","1":"product","2":"type-product","3":"status-publish","4":"has-post-thumbnail","6":"product_brand-toyota","7":"product_cat-rh850","9":"first","10":"instock","11":"taxable","12":"shipping-taxable","13":"purchasable","14":"product-type-simple"},"yoast_head":"<!-- This site is optimized with the Yoast SEO plugin v27.3 - https:\/\/yoast.com\/product\/yoast-seo-wordpress\/ -->\n<title>TOYOTA CRASH DATA RESET 89170-02Y10, 89170-02W80, 89170-06C60, 89170-06C61, 89170-06C70, 89170-07450, 89170-0A120, 89170-0E430, 89170-0E720, 89170-12G20, 89170-12K50, 89170-12L30, 89170-33W60, 89170-46200, 89170-46250, 89170-47A50, 89170-47B50, 89170-47B60, 89170-47B80, 89170-48E60, 89170-48F40, 89170-48F60, 89170-48J30, 89170-48J40 - Crashdatareset<\/title>\n<meta name=\"robots\" content=\"index, follow, max-snippet:-1, max-image-preview:large, max-video-preview:-1\" \/>\n<link rel=\"canonical\" href=\"https:\/\/crashdatareset.pl\/en\/wp-json\/wp\/v2\/product\/38266\" \/>\n<meta property=\"og:locale\" content=\"en_US\" \/>\n<meta property=\"og:type\" content=\"article\" \/>\n<meta property=\"og:title\" content=\"TOYOTA CRASH DATA RESET 89170-02Y10, 89170-02W80, 89170-06C60, 89170-06C61, 89170-06C70, 89170-07450, 89170-0A120, 89170-0E430, 89170-0E720, 89170-12G20, 89170-12K50, 89170-12L30, 89170-33W60, 89170-46200, 89170-46250, 89170-47A50, 89170-47B50, 89170-47B60, 89170-47B80, 89170-48E60, 89170-48F40, 89170-48F60, 89170-48J30, 89170-48J40 - Crashdatareset\" \/>\n<meta property=\"og:description\" content=\"Us\u0142uga zresetowania Crash Daty  Oferta dotyczy sterownik\u00f3w z zabezpieczonym procesorem CYT2B93BAC  Lista sterownik\u00f3w SRS:   89170-02Y10  89170-02W80  89170-06C60  89170-06C61  89170-06C70  89170-07450  89170-0A120  89170-0E430  89170-0E720  89170-12G20  89170-12K50  89170-12L30  89170-33W60  89170-46200  89170-46250  89170-47A50  89170-47B50  89170-47B60  89170-47B80  89170-48E60  89170-48F40  89170-48F60  89170-48J30  89170-48J40  Sterownik trzeba dostarczy\u0107 do naszej firmy  Adres: F.H.U Witczak Grabowo Kr\u00f3lewskie 35\/1 62-306 Ko\u0142aczkowo  e-mail:\u00a0kontakt@crashdatareset.pl Numer telefonu: 605 445 765\" \/>\n<meta property=\"og:url\" content=\"https:\/\/crashdatareset.pl\/en\/sklep\/rh850\/toyota-crash-data-reset-89170-02w80-89170-02y10-89170-06c60-89170-0e430-89170-12g20-89170-12k50-89170-46200-89170-47b60-89170-48f40\/\" \/>\n<meta property=\"og:site_name\" content=\"Crashdatareset\" \/>\n<meta property=\"article:modified_time\" content=\"2026-04-08T07:45:48+00:00\" \/>\n<meta property=\"og:image\" content=\"https:\/\/crashdatareset.pl\/wp-content\/uploads\/2026\/04\/TOY-89170-48F40-1024x984.png\" \/>\n\t<meta property=\"og:image:width\" content=\"1024\" \/>\n\t<meta property=\"og:image:height\" content=\"984\" \/>\n\t<meta property=\"og:image:type\" content=\"image\/png\" \/>\n<meta name=\"twitter:card\" content=\"summary_large_image\" \/>\n<script type=\"application\/ld+json\" class=\"yoast-schema-graph\">{\"@context\":\"https:\\\/\\\/schema.org\",\"@graph\":[{\"@type\":\"WebPage\",\"@id\":\"https:\\\/\\\/crashdatareset.pl\\\/sklep\\\/rh850\\\/toyota-crash-data-reset-89170-02w80-89170-02y10-89170-06c60-89170-0e430-89170-12g20-89170-12k50-89170-46200-89170-47b60-89170-48f40\\\/\",\"url\":\"https:\\\/\\\/crashdatareset.pl\\\/sklep\\\/rh850\\\/toyota-crash-data-reset-89170-02w80-89170-02y10-89170-06c60-89170-0e430-89170-12g20-89170-12k50-89170-46200-89170-47b60-89170-48f40\\\/\",\"name\":\"TOYOTA CRASH DATA RESET 89170-02Y10, 89170-02W80, 89170-06C60, 89170-06C61, 89170-06C70, 89170-07450, 89170-0A120, 89170-0E430, 89170-0E720, 89170-12G20, 89170-12K50, 89170-12L30, 89170-33W60, 89170-46200, 89170-46250, 89170-47A50, 89170-47B50, 89170-47B60, 89170-47B80, 89170-48E60, 89170-48F40, 89170-48F60, 89170-48J30, 89170-48J40 - Crashdatareset\",\"isPartOf\":{\"@id\":\"https:\\\/\\\/crashdatareset.pl\\\/en\\\/#website\"},\"primaryImageOfPage\":{\"@id\":\"https:\\\/\\\/crashdatareset.pl\\\/sklep\\\/rh850\\\/toyota-crash-data-reset-89170-02w80-89170-02y10-89170-06c60-89170-0e430-89170-12g20-89170-12k50-89170-46200-89170-47b60-89170-48f40\\\/#primaryimage\"},\"image\":{\"@id\":\"https:\\\/\\\/crashdatareset.pl\\\/sklep\\\/rh850\\\/toyota-crash-data-reset-89170-02w80-89170-02y10-89170-06c60-89170-0e430-89170-12g20-89170-12k50-89170-46200-89170-47b60-89170-48f40\\\/#primaryimage\"},\"thumbnailUrl\":\"https:\\\/\\\/crashdatareset.pl\\\/wp-content\\\/uploads\\\/2026\\\/04\\\/TOY-89170-48F40.png\",\"datePublished\":\"2026-04-08T07:31:24+00:00\",\"dateModified\":\"2026-04-08T07:45:48+00:00\",\"breadcrumb\":{\"@id\":\"https:\\\/\\\/crashdatareset.pl\\\/sklep\\\/rh850\\\/toyota-crash-data-reset-89170-02w80-89170-02y10-89170-06c60-89170-0e430-89170-12g20-89170-12k50-89170-46200-89170-47b60-89170-48f40\\\/#breadcrumb\"},\"inLanguage\":\"en-US\",\"potentialAction\":[{\"@type\":\"ReadAction\",\"target\":[\"https:\\\/\\\/crashdatareset.pl\\\/sklep\\\/rh850\\\/toyota-crash-data-reset-89170-02w80-89170-02y10-89170-06c60-89170-0e430-89170-12g20-89170-12k50-89170-46200-89170-47b60-89170-48f40\\\/\"]}]},{\"@type\":\"ImageObject\",\"inLanguage\":\"en-US\",\"@id\":\"https:\\\/\\\/crashdatareset.pl\\\/sklep\\\/rh850\\\/toyota-crash-data-reset-89170-02w80-89170-02y10-89170-06c60-89170-0e430-89170-12g20-89170-12k50-89170-46200-89170-47b60-89170-48f40\\\/#primaryimage\",\"url\":\"https:\\\/\\\/crashdatareset.pl\\\/wp-content\\\/uploads\\\/2026\\\/04\\\/TOY-89170-48F40.png\",\"contentUrl\":\"https:\\\/\\\/crashdatareset.pl\\\/wp-content\\\/uploads\\\/2026\\\/04\\\/TOY-89170-48F40.png\",\"width\":1959,\"height\":1883},{\"@type\":\"BreadcrumbList\",\"@id\":\"https:\\\/\\\/crashdatareset.pl\\\/sklep\\\/rh850\\\/toyota-crash-data-reset-89170-02w80-89170-02y10-89170-06c60-89170-0e430-89170-12g20-89170-12k50-89170-46200-89170-47b60-89170-48f40\\\/#breadcrumb\",\"itemListElement\":[{\"@type\":\"ListItem\",\"position\":1,\"name\":\"Strona g\u0142\u00f3wna\",\"item\":\"https:\\\/\\\/crashdatareset.pl\\\/\"},{\"@type\":\"ListItem\",\"position\":2,\"name\":\"Sklep\",\"item\":\"https:\\\/\\\/crashdatareset.pl\\\/sklep\\\/\"},{\"@type\":\"ListItem\",\"position\":3,\"name\":\"TOYOTA CRASH DATA RESET 89170-02Y10, 89170-02W80, 89170-06C60, 89170-06C61, 89170-06C70, 89170-07450, 89170-0A120, 89170-0E430, 89170-0E720, 89170-12G20, 89170-12K50, 89170-12L30, 89170-33W60, 89170-46200, 89170-46250, 89170-47A50, 89170-47B50, 89170-47B60, 89170-47B80, 89170-48E60, 89170-48F40, 89170-48F60, 89170-48J30, 89170-48J40\"}]},{\"@type\":\"WebSite\",\"@id\":\"https:\\\/\\\/crashdatareset.pl\\\/en\\\/#website\",\"url\":\"https:\\\/\\\/crashdatareset.pl\\\/en\\\/\",\"name\":\"Crashdatareset\",\"description\":\"\",\"publisher\":{\"@id\":\"https:\\\/\\\/crashdatareset.pl\\\/en\\\/#organization\"},\"potentialAction\":[{\"@type\":\"SearchAction\",\"target\":{\"@type\":\"EntryPoint\",\"urlTemplate\":\"https:\\\/\\\/crashdatareset.pl\\\/en\\\/?s={search_term_string}\"},\"query-input\":{\"@type\":\"PropertyValueSpecification\",\"valueRequired\":true,\"valueName\":\"search_term_string\"}}],\"inLanguage\":\"en-US\"},{\"@type\":\"Organization\",\"@id\":\"https:\\\/\\\/crashdatareset.pl\\\/en\\\/#organization\",\"name\":\"crashdatareset\",\"alternateName\":\"crashdatareset\",\"url\":\"https:\\\/\\\/crashdatareset.pl\\\/en\\\/\",\"logo\":{\"@type\":\"ImageObject\",\"inLanguage\":\"en-US\",\"@id\":\"https:\\\/\\\/crashdatareset.pl\\\/en\\\/#\\\/schema\\\/logo\\\/image\\\/\",\"url\":\"https:\\\/\\\/crashdatareset.pl\\\/wp-content\\\/uploads\\\/2020\\\/06\\\/cropped-logo-cdr-1.2.png\",\"contentUrl\":\"https:\\\/\\\/crashdatareset.pl\\\/wp-content\\\/uploads\\\/2020\\\/06\\\/cropped-logo-cdr-1.2.png\",\"width\":260,\"height\":52,\"caption\":\"crashdatareset\"},\"image\":{\"@id\":\"https:\\\/\\\/crashdatareset.pl\\\/en\\\/#\\\/schema\\\/logo\\\/image\\\/\"}}]}<\/script>\n<!-- \/ Yoast SEO plugin. -->","yoast_head_json":{"title":"TOYOTA CRASH DATA RESET 89170-02Y10, 89170-02W80, 89170-06C60, 89170-06C61, 89170-06C70, 89170-07450, 89170-0A120, 89170-0E430, 89170-0E720, 89170-12G20, 89170-12K50, 89170-12L30, 89170-33W60, 89170-46200, 89170-46250, 89170-47A50, 89170-47B50, 89170-47B60, 89170-47B80, 89170-48E60, 89170-48F40, 89170-48F60, 89170-48J30, 89170-48J40 - Crashdatareset","robots":{"index":"index","follow":"follow","max-snippet":"max-snippet:-1","max-image-preview":"max-image-preview:large","max-video-preview":"max-video-preview:-1"},"canonical":"https:\/\/crashdatareset.pl\/en\/wp-json\/wp\/v2\/product\/38266","og_locale":"en_US","og_type":"article","og_title":"TOYOTA CRASH DATA RESET 89170-02Y10, 89170-02W80, 89170-06C60, 89170-06C61, 89170-06C70, 89170-07450, 89170-0A120, 89170-0E430, 89170-0E720, 89170-12G20, 89170-12K50, 89170-12L30, 89170-33W60, 89170-46200, 89170-46250, 89170-47A50, 89170-47B50, 89170-47B60, 89170-47B80, 89170-48E60, 89170-48F40, 89170-48F60, 89170-48J30, 89170-48J40 - Crashdatareset","og_description":"Us\u0142uga zresetowania Crash Daty  Oferta dotyczy sterownik\u00f3w z zabezpieczonym procesorem CYT2B93BAC  Lista sterownik\u00f3w SRS:   89170-02Y10  89170-02W80  89170-06C60  89170-06C61  89170-06C70  89170-07450  89170-0A120  89170-0E430  89170-0E720  89170-12G20  89170-12K50  89170-12L30  89170-33W60  89170-46200  89170-46250  89170-47A50  89170-47B50  89170-47B60  89170-47B80  89170-48E60  89170-48F40  89170-48F60  89170-48J30  89170-48J40  Sterownik trzeba dostarczy\u0107 do naszej firmy  Adres: F.H.U Witczak Grabowo Kr\u00f3lewskie 35\/1 62-306 Ko\u0142aczkowo  e-mail:\u00a0kontakt@crashdatareset.pl Numer telefonu: 605 445 765","og_url":"https:\/\/crashdatareset.pl\/en\/sklep\/rh850\/toyota-crash-data-reset-89170-02w80-89170-02y10-89170-06c60-89170-0e430-89170-12g20-89170-12k50-89170-46200-89170-47b60-89170-48f40\/","og_site_name":"Crashdatareset","article_modified_time":"2026-04-08T07:45:48+00:00","og_image":[{"width":1024,"height":984,"url":"https:\/\/crashdatareset.pl\/wp-content\/uploads\/2026\/04\/TOY-89170-48F40-1024x984.png","type":"image\/png"}],"twitter_card":"summary_large_image","schema":{"@context":"https:\/\/schema.org","@graph":[{"@type":"WebPage","@id":"https:\/\/crashdatareset.pl\/sklep\/rh850\/toyota-crash-data-reset-89170-02w80-89170-02y10-89170-06c60-89170-0e430-89170-12g20-89170-12k50-89170-46200-89170-47b60-89170-48f40\/","url":"https:\/\/crashdatareset.pl\/sklep\/rh850\/toyota-crash-data-reset-89170-02w80-89170-02y10-89170-06c60-89170-0e430-89170-12g20-89170-12k50-89170-46200-89170-47b60-89170-48f40\/","name":"TOYOTA CRASH DATA RESET 89170-02Y10, 89170-02W80, 89170-06C60, 89170-06C61, 89170-06C70, 89170-07450, 89170-0A120, 89170-0E430, 89170-0E720, 89170-12G20, 89170-12K50, 89170-12L30, 89170-33W60, 89170-46200, 89170-46250, 89170-47A50, 89170-47B50, 89170-47B60, 89170-47B80, 89170-48E60, 89170-48F40, 89170-48F60, 89170-48J30, 89170-48J40 - Crashdatareset","isPartOf":{"@id":"https:\/\/crashdatareset.pl\/en\/#website"},"primaryImageOfPage":{"@id":"https:\/\/crashdatareset.pl\/sklep\/rh850\/toyota-crash-data-reset-89170-02w80-89170-02y10-89170-06c60-89170-0e430-89170-12g20-89170-12k50-89170-46200-89170-47b60-89170-48f40\/#primaryimage"},"image":{"@id":"https:\/\/crashdatareset.pl\/sklep\/rh850\/toyota-crash-data-reset-89170-02w80-89170-02y10-89170-06c60-89170-0e430-89170-12g20-89170-12k50-89170-46200-89170-47b60-89170-48f40\/#primaryimage"},"thumbnailUrl":"https:\/\/crashdatareset.pl\/wp-content\/uploads\/2026\/04\/TOY-89170-48F40.png","datePublished":"2026-04-08T07:31:24+00:00","dateModified":"2026-04-08T07:45:48+00:00","breadcrumb":{"@id":"https:\/\/crashdatareset.pl\/sklep\/rh850\/toyota-crash-data-reset-89170-02w80-89170-02y10-89170-06c60-89170-0e430-89170-12g20-89170-12k50-89170-46200-89170-47b60-89170-48f40\/#breadcrumb"},"inLanguage":"en-US","potentialAction":[{"@type":"ReadAction","target":["https:\/\/crashdatareset.pl\/sklep\/rh850\/toyota-crash-data-reset-89170-02w80-89170-02y10-89170-06c60-89170-0e430-89170-12g20-89170-12k50-89170-46200-89170-47b60-89170-48f40\/"]}]},{"@type":"ImageObject","inLanguage":"en-US","@id":"https:\/\/crashdatareset.pl\/sklep\/rh850\/toyota-crash-data-reset-89170-02w80-89170-02y10-89170-06c60-89170-0e430-89170-12g20-89170-12k50-89170-46200-89170-47b60-89170-48f40\/#primaryimage","url":"https:\/\/crashdatareset.pl\/wp-content\/uploads\/2026\/04\/TOY-89170-48F40.png","contentUrl":"https:\/\/crashdatareset.pl\/wp-content\/uploads\/2026\/04\/TOY-89170-48F40.png","width":1959,"height":1883},{"@type":"BreadcrumbList","@id":"https:\/\/crashdatareset.pl\/sklep\/rh850\/toyota-crash-data-reset-89170-02w80-89170-02y10-89170-06c60-89170-0e430-89170-12g20-89170-12k50-89170-46200-89170-47b60-89170-48f40\/#breadcrumb","itemListElement":[{"@type":"ListItem","position":1,"name":"Strona g\u0142\u00f3wna","item":"https:\/\/crashdatareset.pl\/"},{"@type":"ListItem","position":2,"name":"Sklep","item":"https:\/\/crashdatareset.pl\/sklep\/"},{"@type":"ListItem","position":3,"name":"TOYOTA CRASH DATA RESET 89170-02Y10, 89170-02W80, 89170-06C60, 89170-06C61, 89170-06C70, 89170-07450, 89170-0A120, 89170-0E430, 89170-0E720, 89170-12G20, 89170-12K50, 89170-12L30, 89170-33W60, 89170-46200, 89170-46250, 89170-47A50, 89170-47B50, 89170-47B60, 89170-47B80, 89170-48E60, 89170-48F40, 89170-48F60, 89170-48J30, 89170-48J40"}]},{"@type":"WebSite","@id":"https:\/\/crashdatareset.pl\/en\/#website","url":"https:\/\/crashdatareset.pl\/en\/","name":"Crashdatareset","description":"","publisher":{"@id":"https:\/\/crashdatareset.pl\/en\/#organization"},"potentialAction":[{"@type":"SearchAction","target":{"@type":"EntryPoint","urlTemplate":"https:\/\/crashdatareset.pl\/en\/?s={search_term_string}"},"query-input":{"@type":"PropertyValueSpecification","valueRequired":true,"valueName":"search_term_string"}}],"inLanguage":"en-US"},{"@type":"Organization","@id":"https:\/\/crashdatareset.pl\/en\/#organization","name":"crashdatareset","alternateName":"crashdatareset","url":"https:\/\/crashdatareset.pl\/en\/","logo":{"@type":"ImageObject","inLanguage":"en-US","@id":"https:\/\/crashdatareset.pl\/en\/#\/schema\/logo\/image\/","url":"https:\/\/crashdatareset.pl\/wp-content\/uploads\/2020\/06\/cropped-logo-cdr-1.2.png","contentUrl":"https:\/\/crashdatareset.pl\/wp-content\/uploads\/2020\/06\/cropped-logo-cdr-1.2.png","width":260,"height":52,"caption":"crashdatareset"},"image":{"@id":"https:\/\/crashdatareset.pl\/en\/#\/schema\/logo\/image\/"}}]}},"_links":{"self":[{"href":"https:\/\/crashdatareset.pl\/en\/wp-json\/wp\/v2\/product\/38266","targetHints":{"allow":["GET"]}}],"collection":[{"href":"https:\/\/crashdatareset.pl\/en\/wp-json\/wp\/v2\/product"}],"about":[{"href":"https:\/\/crashdatareset.pl\/en\/wp-json\/wp\/v2\/types\/product"}],"wp:featuredmedia":[{"embeddable":true,"href":"https:\/\/crashdatareset.pl\/en\/wp-json\/wp\/v2\/media\/38267"}],"wp:attachment":[{"href":"https:\/\/crashdatareset.pl\/en\/wp-json\/wp\/v2\/media?parent=38266"}],"wp:term":[{"taxonomy":"product_brand","embeddable":true,"href":"https:\/\/crashdatareset.pl\/en\/wp-json\/wp\/v2\/product_brand?post=38266"},{"taxonomy":"product_cat","embeddable":true,"href":"https:\/\/crashdatareset.pl\/en\/wp-json\/wp\/v2\/product_cat?post=38266"},{"taxonomy":"product_tag","embeddable":true,"href":"https:\/\/crashdatareset.pl\/en\/wp-json\/wp\/v2\/product_tag?post=38266"}],"curies":[{"name":"wp","href":"https:\/\/api.w.org\/{rel}","templated":true}]}}